{"id":5392,"date":"2025-12-15T14:37:19","date_gmt":"2025-12-15T20:37:19","guid":{"rendered":"https:\/\/wheatonbible.org\/la-tienda-de-navidad\/"},"modified":"2026-03-30T15:02:45","modified_gmt":"2026-03-30T20:02:45","slug":"la-tienda-de-navidad","status":"publish","type":"page","link":"https:\/\/wheatonbible.org\/es\/la-tienda-de-navidad\/","title":{"rendered":"La Tienda de Navidad"},"content":{"rendered":"\t\t<div data-elementor-type=\"wp-page\" data-elementor-id=\"5392\" class=\"elementor elementor-5392 elementor-3172\" data-elementor-post-type=\"page\">\n\t\t\t\t<div class=\"elementor-element elementor-element-5c3e2b6 e-con-full e-flex e-con e-parent\" data-id=\"5c3e2b6\" data-element_type=\"container\" data-e-type=\"container\">\n\t\t<div class=\"elementor-element elementor-element-3f76537f e-con-full e-flex e-con e-child\" data-id=\"3f76537f\" data-element_type=\"container\" data-e-type=\"container\">\n\t\t\t\t<div class=\"elementor-element elementor-element-6d7c36cb elementor-widget elementor-widget-heading\" data-id=\"6d7c36cb\" data-element_type=\"widget\" data-e-type=\"widget\" data-widget_type=\"heading.default\">\n\t\t\t\t\t<h1 class=\"elementor-heading-title elementor-size-default\">La Tienda de Navidad<\/h1>\t\t\t\t<\/div>\n\t\t\t\t<div class=\"elementor-element elementor-element-a98baab elementor-widget elementor-widget-heading\" data-id=\"a98baab\" data-element_type=\"widget\" data-e-type=\"widget\" data-widget_type=\"heading.default\">\n\t\t\t\t\t<h4 class=\"elementor-heading-title elementor-size-default\">Mostrando el amor de Jes\u00fas a nuestra comunidad a trav\u00e9s de compras navide\u00f1as a un precio reducido.<\/h4>\t\t\t\t<\/div>\n\t\t\t\t<div class=\"elementor-element elementor-element-237f9515 elementor-widget elementor-widget-text-editor\" data-id=\"237f9515\" data-element_type=\"widget\" data-e-type=\"widget\" data-widget_type=\"text-editor.default\">\n\t\t\t\t\t\t\t\t\t<p>T\u00fa puedes ayudarnos a mostrar el amor de Cristo esta Navidad contribuyendo con un regalo a la Tienda Navide\u00f1a que les brindar\u00e1 a los padres una experiencia de compra digna en la que podr\u00e1n comprar regalos para sus hijos a un costo reducido (\u00a170% o m\u00e1s de descuento del precio normal!).<\/p><p>Cada diciembre, nuestro ministerio de Puente del Pueblo invita a familias de escasos recursos en nuestra comunidad a la Tienda Navide\u00f1a, brindando a los padres la oportunidad de \u201cestirar\u201d el dinero que tanto les cost\u00f3 ganar para comprar regalos accesibles para sus hijos. En la Tienda Navide\u00f1a, los padres pueden comprar regalos para sus hijos, disfrutar de m\u00fasica navide\u00f1a y comer algunas golosinas en un espacio decorado de forma festiva, mientras que un amable equipo de voluntarios les envuelve sus regalos. <\/p>\t\t\t\t\t\t\t\t<\/div>\n\t\t<div class=\"elementor-element elementor-element-d18daef e-con-full e-flex e-con e-child\" data-id=\"d18daef\" data-element_type=\"container\" data-e-type=\"container\">\n\t\t\t\t<div class=\"elementor-element elementor-element-3c8a933e elementor-widget elementor-widget-button\" data-id=\"3c8a933e\" data-element_type=\"widget\" data-e-type=\"widget\" data-widget_type=\"button.default\">\n\t\t\t\t\t\t\t\t\t\t<a class=\"elementor-button elementor-button-link elementor-size-sm\" href=\"#\">\n\t\t\t\t\t\t<span class=\"elementor-button-content-wrapper\">\n\t\t\t\t\t\t\t\t\t<span class=\"elementor-button-text\">Amazon Wishlist<\/span>\n\t\t\t\t\t<\/span>\n\t\t\t\t\t<\/a>\n\t\t\t\t\t\t\t\t<\/div>\n\t\t\t\t<div class=\"elementor-element elementor-element-6761635 elementor-widget elementor-widget-button\" data-id=\"6761635\" data-element_type=\"widget\" data-e-type=\"widget\" data-widget_type=\"button.default\">\n\t\t\t\t\t\t\t\t\t\t<a class=\"elementor-button elementor-button-link elementor-size-sm\" href=\"#\">\n\t\t\t\t\t\t<span class=\"elementor-button-content-wrapper\">\n\t\t\t\t\t\t\t\t\t<span class=\"elementor-button-text\">Puente Lista de Regalos<\/span>\n\t\t\t\t\t<\/span>\n\t\t\t\t\t<\/a>\n\t\t\t\t\t\t\t\t<\/div>\n\t\t\t\t<\/div>\n\t\t\t\t<\/div>\n\t\t<div class=\"elementor-element elementor-element-7d241d13 e-con-full e-flex e-con e-child\" data-id=\"7d241d13\" data-element_type=\"container\" data-e-type=\"container\">\n\t\t\t\t<div class=\"elementor-element elementor-element-595000e4 elementor-widget elementor-widget-image\" data-id=\"595000e4\" data-element_type=\"widget\" data-e-type=\"widget\" data-widget_type=\"image.default\">\n\t\t\t\t\t\t\t\t\t\t\t\t\t\t\t<img fetchpriority=\"high\" decoding=\"async\" data-attachment-id=\"5393\" data-permalink=\"https:\/\/wheatonbible.org\/es\/christmas-store-logo-alt-2\/\" data-orig-file=\"https:\/\/i0.wp.com\/wheatonbible.org\/wp-content\/uploads\/2025\/12\/Christmas-Store-Logo-Alt.png?fit=368%2C441&amp;ssl=1\" data-orig-size=\"368,441\" data-comments-opened=\"1\" data-image-meta=\"{&quot;aperture&quot;:&quot;0&quot;,&quot;credit&quot;:&quot;&quot;,&quot;camera&quot;:&quot;&quot;,&quot;caption&quot;:&quot;&quot;,&quot;created_timestamp&quot;:&quot;0&quot;,&quot;copyright&quot;:&quot;&quot;,&quot;focal_length&quot;:&quot;0&quot;,&quot;iso&quot;:&quot;0&quot;,&quot;shutter_speed&quot;:&quot;0&quot;,&quot;title&quot;:&quot;&quot;,&quot;orientation&quot;:&quot;0&quot;}\" data-image-title=\"Christmas-Store-Logo-Alt\" data-image-description=\"\" data-image-caption=\"\" data-large-file=\"https:\/\/i0.wp.com\/wheatonbible.org\/wp-content\/uploads\/2025\/12\/Christmas-Store-Logo-Alt.png?fit=368%2C441&amp;ssl=1\" width=\"368\" height=\"441\" src=\"https:\/\/i0.wp.com\/wheatonbible.org\/wp-content\/uploads\/2025\/12\/Christmas-Store-Logo-Alt.png?fit=368%2C441&amp;ssl=1\" class=\"attachment-full size-full wp-image-5393\" alt=\"\" srcset=\"https:\/\/i0.wp.com\/wheatonbible.org\/wp-content\/uploads\/2025\/12\/Christmas-Store-Logo-Alt.png?w=368&amp;ssl=1 368w, https:\/\/i0.wp.com\/wheatonbible.org\/wp-content\/uploads\/2025\/12\/Christmas-Store-Logo-Alt.png?resize=250%2C300&amp;ssl=1 250w\" sizes=\"(max-width: 368px) 100vw, 368px\" data-attachment-id=\"5393\" data-permalink=\"https:\/\/wheatonbible.org\/es\/christmas-store-logo-alt-2\/\" data-orig-file=\"https:\/\/i0.wp.com\/wheatonbible.org\/wp-content\/uploads\/2025\/12\/Christmas-Store-Logo-Alt.png?fit=368%2C441&amp;ssl=1\" data-orig-size=\"368,441\" data-comments-opened=\"1\" data-image-meta=\"{&quot;aperture&quot;:&quot;0&quot;,&quot;credit&quot;:&quot;&quot;,&quot;camera&quot;:&quot;&quot;,&quot;caption&quot;:&quot;&quot;,&quot;created_timestamp&quot;:&quot;0&quot;,&quot;copyright&quot;:&quot;&quot;,&quot;focal_length&quot;:&quot;0&quot;,&quot;iso&quot;:&quot;0&quot;,&quot;shutter_speed&quot;:&quot;0&quot;,&quot;title&quot;:&quot;&quot;,&quot;orientation&quot;:&quot;0&quot;}\" data-image-title=\"Christmas-Store-Logo-Alt\" data-image-description=\"\" data-image-caption=\"\" data-large-file=\"https:\/\/i0.wp.com\/wheatonbible.org\/wp-content\/uploads\/2025\/12\/Christmas-Store-Logo-Alt.png?fit=368%2C441&amp;ssl=1\" \/>\t\t\t\t\t\t\t\t\t\t\t\t\t\t\t<\/div>\n\t\t\t\t<\/div>\n\t\t\t\t<\/div>\n\t\t<div class=\"elementor-element elementor-element-fc5c854 e-con-full e-flex e-con e-parent\" data-id=\"fc5c854\" data-element_type=\"container\" data-e-type=\"container\">\n\t\t\t\t<div class=\"elementor-element elementor-element-859d700 elementor-widget elementor-widget-image\" data-id=\"859d700\" data-element_type=\"widget\" data-e-type=\"widget\" data-widget_type=\"image.default\">\n\t\t\t\t\t\t\t\t\t\t\t\t\t\t\t<img decoding=\"async\" data-attachment-id=\"5394\" data-permalink=\"https:\/\/wheatonbible.org\/es\/christmas-store-graphic-2\/\" data-orig-file=\"https:\/\/i0.wp.com\/wheatonbible.org\/wp-content\/uploads\/2025\/12\/Christmas-store-graphic.jpg?fit=1080%2C800&amp;ssl=1\" data-orig-size=\"1080,800\" data-comments-opened=\"1\" data-image-meta=\"{&quot;aperture&quot;:&quot;0&quot;,&quot;credit&quot;:&quot;&quot;,&quot;camera&quot;:&quot;&quot;,&quot;caption&quot;:&quot;&quot;,&quot;created_timestamp&quot;:&quot;0&quot;,&quot;copyright&quot;:&quot;&quot;,&quot;focal_length&quot;:&quot;0&quot;,&quot;iso&quot;:&quot;0&quot;,&quot;shutter_speed&quot;:&quot;0&quot;,&quot;title&quot;:&quot;&quot;,&quot;orientation&quot;:&quot;0&quot;}\" data-image-title=\"Christmas-store-graphic\" data-image-description=\"\" data-image-caption=\"\" data-large-file=\"https:\/\/i0.wp.com\/wheatonbible.org\/wp-content\/uploads\/2025\/12\/Christmas-store-graphic.jpg?fit=800%2C593&amp;ssl=1\" width=\"800\" height=\"593\" src=\"https:\/\/i0.wp.com\/wheatonbible.org\/wp-content\/uploads\/2025\/12\/Christmas-store-graphic.jpg?fit=800%2C593&amp;ssl=1\" class=\"attachment-large size-large wp-image-5394\" alt=\"\" srcset=\"https:\/\/i0.wp.com\/wheatonbible.org\/wp-content\/uploads\/2025\/12\/Christmas-store-graphic.jpg?w=1080&amp;ssl=1 1080w, https:\/\/i0.wp.com\/wheatonbible.org\/wp-content\/uploads\/2025\/12\/Christmas-store-graphic.jpg?resize=300%2C222&amp;ssl=1 300w, https:\/\/i0.wp.com\/wheatonbible.org\/wp-content\/uploads\/2025\/12\/Christmas-store-graphic.jpg?resize=1024%2C759&amp;ssl=1 1024w, https:\/\/i0.wp.com\/wheatonbible.org\/wp-content\/uploads\/2025\/12\/Christmas-store-graphic.jpg?resize=768%2C569&amp;ssl=1 768w\" sizes=\"(max-width: 800px) 100vw, 800px\" data-attachment-id=\"5394\" data-permalink=\"https:\/\/wheatonbible.org\/es\/christmas-store-graphic-2\/\" data-orig-file=\"https:\/\/i0.wp.com\/wheatonbible.org\/wp-content\/uploads\/2025\/12\/Christmas-store-graphic.jpg?fit=1080%2C800&amp;ssl=1\" data-orig-size=\"1080,800\" data-comments-opened=\"1\" data-image-meta=\"{&quot;aperture&quot;:&quot;0&quot;,&quot;credit&quot;:&quot;&quot;,&quot;camera&quot;:&quot;&quot;,&quot;caption&quot;:&quot;&quot;,&quot;created_timestamp&quot;:&quot;0&quot;,&quot;copyright&quot;:&quot;&quot;,&quot;focal_length&quot;:&quot;0&quot;,&quot;iso&quot;:&quot;0&quot;,&quot;shutter_speed&quot;:&quot;0&quot;,&quot;title&quot;:&quot;&quot;,&quot;orientation&quot;:&quot;0&quot;}\" data-image-title=\"Christmas-store-graphic\" data-image-description=\"\" data-image-caption=\"\" data-large-file=\"https:\/\/i0.wp.com\/wheatonbible.org\/wp-content\/uploads\/2025\/12\/Christmas-store-graphic.jpg?fit=800%2C593&amp;ssl=1\" \/>\t\t\t\t\t\t\t\t\t\t\t\t\t\t\t<\/div>\n\t\t\t\t<div class=\"elementor-element elementor-element-4b9e994 elementor-widget elementor-widget-text-editor\" data-id=\"4b9e994\" data-element_type=\"widget\" data-e-type=\"widget\" data-widget_type=\"text-editor.default\">\n\t\t\t\t\t\t\t\t\t<p>Adem\u00e1s de esto, la Tienda Navide\u00f1a brinda una oportunidad para que estas familias de escasos recursos se conecten a los servicios que ofrece Puente del Pueblo, y para ser orado y conectarse con nuestra familia de la iglesia.<\/p><p><strong>Si deseas donar, por favor:<\/strong><\/p><ul><li>Coloca tu regalo\u2014<u>nuevo, sin envolver y con el recibo*<\/u>\u2014en las cajas de recolecci\u00f3n de regalos disponibles en el atrio de la iglesia <strong>los domingos, del 2 de noviembre al 7 de diciembre.<\/strong><\/li><li><span data-teams=\"true\"><span class=\"ui-provider a b c d e f g h i j k l m n o p q r s t u v w x y z ab ac ae af ag ah ai aj ak\" dir=\"ltr\">Compra regalos en l\u00ednea desde nuestro enlace de Amazon y env\u00edalos directamente a la ubicaci\u00f3n de la Tienda Navide\u00f1a. <\/span><\/span><\/li><li><span data-teams=\"true\"><span class=\"ui-provider a b c d e f g h i j k l m n o p q r s t u v w x y z ab ac ae af ag ah ai aj ak\" dir=\"ltr\">Nota: Al realizar el pedido, selecciona la direcci\u00f3n de entrega del <strong>registro de regalos \u2014Christ Fellowship Church<\/strong>. Si tienes problemas para seleccionar esta direcci\u00f3n, env\u00eda los regalos a la siguiente direcci\u00f3n: <strong>28W240 W North Ave, West Chicago, IL 60185<\/strong>. Aseg\u00farate de que el nombre en el env\u00edo diga: \u201c<strong>Christ Fellowship \u2013 PdP Christmas Store<\/strong>\u201d. Los regalos pueden ser ordenados en l\u00ednea desde el 2 de noviembre hasta el 7 de diciembre.  <\/span><\/span><\/li><\/ul><p>*Presentar los recibos de los regalos nos permite identificar el costo de los mismos, lo que nos ayuda a ajustar con precisi\u00f3n los precios al reducir el costo de los art\u00edculos para la Tienda.<\/p>\t\t\t\t\t\t\t\t<\/div>\n\t\t\t\t<\/div>\n\t\t\t\t<\/div>\n\t\t","protected":false},"excerpt":{"rendered":"<p>La Tienda de Navidad Mostrando el amor de Jes\u00fas a nuestra comunidad a trav\u00e9s de compras navide\u00f1as a un precio reducido. T\u00fa puedes ayudarnos a mostrar el amor de Cristo [&hellip;]<\/p>\n","protected":false},"author":271840638,"featured_media":0,"parent":0,"menu_order":0,"comment_status":"closed","ping_status":"closed","template":"","meta":{"_crdt_document":"","advanced_seo_description":"","jetpack_seo_html_title":"","jetpack_seo_noindex":false,"footnotes":""},"class_list":["post-5392","page","type-page","status-publish","hentry"],"jetpack_likes_enabled":true,"jetpack_sharing_enabled":true,"jetpack_shortlink":"https:\/\/wp.me\/PgPBZS-1oY","jetpack-related-posts":[{"id":5953,"url":"https:\/\/wheatonbible.org\/es\/puente-del-pueblo\/","url_meta":{"origin":5392,"position":0},"title":"Puente del Pueblo","author":"Joe","date":"16 de diciembre de 2025","format":false,"excerpt":"Puente del Pueblo La misi\u00f3n de Puente del Pueblo es transformar vidas en West Chicago al involucrar a las familias en servicios de manejo de casos, programas de alfabetizaci\u00f3n para adultos, y programas acad\u00e9micos de apoyo para ni\u00f1os y j\u00f3venes. Si tienes un coraz\u00f3n para servir a los vulnerables y\u2026","rel":"","context":"Entrada similar","block_context":{"text":"Entrada similar","link":""},"img":{"alt_text":"","src":"https:\/\/i0.wp.com\/wheatonbible.org\/wp-content\/uploads\/2025\/12\/Puente-Banner.jpg?resize=350%2C200&ssl=1","width":350,"height":200,"srcset":"https:\/\/i0.wp.com\/wheatonbible.org\/wp-content\/uploads\/2025\/12\/Puente-Banner.jpg?resize=350%2C200&ssl=1 1x, https:\/\/i0.wp.com\/wheatonbible.org\/wp-content\/uploads\/2025\/12\/Puente-Banner.jpg?resize=525%2C300&ssl=1 1.5x, https:\/\/i0.wp.com\/wheatonbible.org\/wp-content\/uploads\/2025\/12\/Puente-Banner.jpg?resize=700%2C400&ssl=1 2x, https:\/\/i0.wp.com\/wheatonbible.org\/wp-content\/uploads\/2025\/12\/Puente-Banner.jpg?resize=1050%2C600&ssl=1 3x, https:\/\/i0.wp.com\/wheatonbible.org\/wp-content\/uploads\/2025\/12\/Puente-Banner.jpg?resize=1400%2C800&ssl=1 4x"},"classes":[]},{"id":5040,"url":"https:\/\/wheatonbible.org\/es\/unete-al-equipo\/","url_meta":{"origin":5392,"position":1},"title":"\u00danete al Equipo","author":"Joe","date":"17 de diciembre de 2025","format":false,"excerpt":"\u00danete al Equipo \u201cAs\u00ed brille la luz de ustedes delante de los hombres, para que vean sus buenas accionesy glorifiquen a su padre que est\u00e1 en los cielos.\u201d Mateo 5:16Hay muchas maneras de ampliar tu visi\u00f3n de lo que Dios est\u00e1 haciendo en el mundo y de dejar que Su\u2026","rel":"","context":"Entrada similar","block_context":{"text":"Entrada similar","link":""},"img":{"alt_text":"","src":"https:\/\/i0.wp.com\/jadams21a1e2cf3a-rhspm.wpcomstaging.com\/wp-content\/uploads\/2025\/11\/CareFest2024.webp?fit=1920%2C1080&ssl=1&resize=350%2C200","width":350,"height":200,"srcset":"https:\/\/i0.wp.com\/jadams21a1e2cf3a-rhspm.wpcomstaging.com\/wp-content\/uploads\/2025\/11\/CareFest2024.webp?fit=1920%2C1080&ssl=1&resize=350%2C200 1x, https:\/\/i0.wp.com\/jadams21a1e2cf3a-rhspm.wpcomstaging.com\/wp-content\/uploads\/2025\/11\/CareFest2024.webp?fit=1920%2C1080&ssl=1&resize=525%2C300 1.5x, https:\/\/i0.wp.com\/jadams21a1e2cf3a-rhspm.wpcomstaging.com\/wp-content\/uploads\/2025\/11\/CareFest2024.webp?fit=1920%2C1080&ssl=1&resize=700%2C400 2x, https:\/\/i0.wp.com\/jadams21a1e2cf3a-rhspm.wpcomstaging.com\/wp-content\/uploads\/2025\/11\/CareFest2024.webp?fit=1920%2C1080&ssl=1&resize=1050%2C600 3x, https:\/\/i0.wp.com\/jadams21a1e2cf3a-rhspm.wpcomstaging.com\/wp-content\/uploads\/2025\/11\/CareFest2024.webp?fit=1920%2C1080&ssl=1&resize=1400%2C800 4x"},"classes":[]},{"id":5211,"url":"https:\/\/wheatonbible.org\/es\/kids-life\/","url_meta":{"origin":5392,"position":2},"title":"Kids&#8217; Life","author":"Joe","date":"20 de noviembre de 2025","format":false,"excerpt":"Kids' Life Amamos a los ni\u00f1os y creemos que son una parte importante de nuestra familia de la iglesia. Los ni\u00f1os no son solo el futuro; son una parte vital de la iglesia hoy. Como padres, ustedes son los principales influenciadores en la vida y en la fe de sus\u2026","rel":"","context":"Entrada similar","block_context":{"text":"Entrada similar","link":""},"img":{"alt_text":"","src":"https:\/\/i0.wp.com\/wheatonbible.org\/wp-content\/uploads\/2025\/12\/Kids-Life-WBC-34.jpg?resize=350%2C200&ssl=1","width":350,"height":200,"srcset":"https:\/\/i0.wp.com\/wheatonbible.org\/wp-content\/uploads\/2025\/12\/Kids-Life-WBC-34.jpg?resize=350%2C200&ssl=1 1x, https:\/\/i0.wp.com\/wheatonbible.org\/wp-content\/uploads\/2025\/12\/Kids-Life-WBC-34.jpg?resize=525%2C300&ssl=1 1.5x, https:\/\/i0.wp.com\/wheatonbible.org\/wp-content\/uploads\/2025\/12\/Kids-Life-WBC-34.jpg?resize=700%2C400&ssl=1 2x, https:\/\/i0.wp.com\/wheatonbible.org\/wp-content\/uploads\/2025\/12\/Kids-Life-WBC-34.jpg?resize=1050%2C600&ssl=1 3x, https:\/\/i0.wp.com\/wheatonbible.org\/wp-content\/uploads\/2025\/12\/Kids-Life-WBC-34.jpg?resize=1400%2C800&ssl=1 4x"},"classes":[]},{"id":5238,"url":"https:\/\/wheatonbible.org\/es\/carefest\/","url_meta":{"origin":5392,"position":3},"title":"Carefest","author":"Joe","date":"16 de diciembre de 2025","format":false,"excerpt":"CareFest 1 D\u00eda 4 horas M\u00e1s de 1000 voluntarios CareFest significa \u201cser buenos vecinos\u201d. Con el objetivo de construir puentes de amor y compasi\u00f3n en la comunidad, los voluntarios de CareFest de Wheaton Bible Church e Iglesia del Pueblo ofrecen su tiempo y habilidades para proporcionar ayuda pr\u00e1ctica y f\u00edsica\u2026","rel":"","context":"Entrada similar","block_context":{"text":"Entrada similar","link":""},"img":{"alt_text":"","src":"https:\/\/i0.wp.com\/jadams21a1e2cf3a-rhspm.wpcomstaging.com\/wp-content\/uploads\/2025\/11\/CareFest2024.webp?fit=1920%2C1080&ssl=1&resize=350%2C200","width":350,"height":200,"srcset":"https:\/\/i0.wp.com\/jadams21a1e2cf3a-rhspm.wpcomstaging.com\/wp-content\/uploads\/2025\/11\/CareFest2024.webp?fit=1920%2C1080&ssl=1&resize=350%2C200 1x, https:\/\/i0.wp.com\/jadams21a1e2cf3a-rhspm.wpcomstaging.com\/wp-content\/uploads\/2025\/11\/CareFest2024.webp?fit=1920%2C1080&ssl=1&resize=525%2C300 1.5x, https:\/\/i0.wp.com\/jadams21a1e2cf3a-rhspm.wpcomstaging.com\/wp-content\/uploads\/2025\/11\/CareFest2024.webp?fit=1920%2C1080&ssl=1&resize=700%2C400 2x, https:\/\/i0.wp.com\/jadams21a1e2cf3a-rhspm.wpcomstaging.com\/wp-content\/uploads\/2025\/11\/CareFest2024.webp?fit=1920%2C1080&ssl=1&resize=1050%2C600 3x, https:\/\/i0.wp.com\/jadams21a1e2cf3a-rhspm.wpcomstaging.com\/wp-content\/uploads\/2025\/11\/CareFest2024.webp?fit=1920%2C1080&ssl=1&resize=1400%2C800 4x"},"classes":[]},{"id":5049,"url":"https:\/\/wheatonbible.org\/es\/creencias-valores\/","url_meta":{"origin":5392,"position":4},"title":"Creencias &amp; Valores","author":"Joe","date":"2 de diciembre de 2025","format":false,"excerpt":"Creencias & Valores A Iglesia del Pueblo Creemos... Dios nos ha llamado a ser una Iglesia del Gran Mandamiento y la Gran Comisi\u00f3n. Somos una iglesia que est\u00e1 en el mundo pero no es del mundo. Una iglesia que busca ser fiel y fruct\u00edfera. Una Iglesia que ama de palabra\u2026","rel":"","context":"Entrada similar","block_context":{"text":"Entrada similar","link":""},"img":{"alt_text":"","src":"https:\/\/i0.wp.com\/jadams21a1e2cf3a-rhspm.wpcomstaging.com\/wp-content\/uploads\/2025\/09\/homepage-header.webp?fit=800%2C450&ssl=1&resize=350%2C200","width":350,"height":200,"srcset":"https:\/\/i0.wp.com\/jadams21a1e2cf3a-rhspm.wpcomstaging.com\/wp-content\/uploads\/2025\/09\/homepage-header.webp?fit=800%2C450&ssl=1&resize=350%2C200 1x, https:\/\/i0.wp.com\/jadams21a1e2cf3a-rhspm.wpcomstaging.com\/wp-content\/uploads\/2025\/09\/homepage-header.webp?fit=800%2C450&ssl=1&resize=525%2C300 1.5x, https:\/\/i0.wp.com\/jadams21a1e2cf3a-rhspm.wpcomstaging.com\/wp-content\/uploads\/2025\/09\/homepage-header.webp?fit=800%2C450&ssl=1&resize=700%2C400 2x"},"classes":[]},{"id":4641,"url":"https:\/\/wheatonbible.org\/es\/vamos\/","url_meta":{"origin":5392,"position":5},"title":"Vamos","author":"Joe","date":"19 de noviembre de 2025","format":false,"excerpt":"Vamos \u201cVayan\u2026 y hagan disc\u00edpulos de todas las naciones\u2026 y yo estar\u00e9 con ustedes siempre.\u201d Mateo 28:19a, 20bEn el primer libro de la Biblia, Dios revela Su plan de gracia \u201cpara bendecir a todas las familias de la tierra\u201d a trav\u00e9s de los descendientes de Abraham (G\u00e9nesis 12:3). Los Profetas\u2026","rel":"","context":"Entrada similar","block_context":{"text":"Entrada similar","link":""},"img":{"alt_text":"","src":"https:\/\/i0.wp.com\/wheatonbible.org\/wp-content\/uploads\/2026\/02\/Missions-We-Go-2026.jpg?resize=350%2C200&ssl=1","width":350,"height":200,"srcset":"https:\/\/i0.wp.com\/wheatonbible.org\/wp-content\/uploads\/2026\/02\/Missions-We-Go-2026.jpg?resize=350%2C200&ssl=1 1x, https:\/\/i0.wp.com\/wheatonbible.org\/wp-content\/uploads\/2026\/02\/Missions-We-Go-2026.jpg?resize=525%2C300&ssl=1 1.5x"},"classes":[]}],"_links":{"self":[{"href":"https:\/\/wheatonbible.org\/es\/wp-json\/wp\/v2\/pages\/5392","targetHints":{"allow":["GET"]}}],"collection":[{"href":"https:\/\/wheatonbible.org\/es\/wp-json\/wp\/v2\/pages"}],"about":[{"href":"https:\/\/wheatonbible.org\/es\/wp-json\/wp\/v2\/types\/page"}],"author":[{"embeddable":true,"href":"https:\/\/wheatonbible.org\/es\/wp-json\/wp\/v2\/users\/271840638"}],"replies":[{"embeddable":true,"href":"https:\/\/wheatonbible.org\/es\/wp-json\/wp\/v2\/comments?post=5392"}],"version-history":[{"count":1,"href":"https:\/\/wheatonbible.org\/es\/wp-json\/wp\/v2\/pages\/5392\/revisions"}],"predecessor-version":[{"id":5395,"href":"https:\/\/wheatonbible.org\/es\/wp-json\/wp\/v2\/pages\/5392\/revisions\/5395"}],"wp:attachment":[{"href":"https:\/\/wheatonbible.org\/es\/wp-json\/wp\/v2\/media?parent=5392"}],"curies":[{"name":"wp","href":"https:\/\/api.w.org\/{rel}","templated":true}]}}