{"id":5188,"date":"2026-01-12T14:45:58","date_gmt":"2026-01-12T20:45:58","guid":{"rendered":"https:\/\/wheatonbible.org\/testimonios\/"},"modified":"2026-02-25T08:48:03","modified_gmt":"2026-02-25T14:48:03","slug":"testimonios","status":"publish","type":"page","link":"https:\/\/wheatonbible.org\/es\/testimonios\/","title":{"rendered":"Testimonios"},"content":{"rendered":"\t\t<div data-elementor-type=\"wp-page\" data-elementor-id=\"5188\" class=\"elementor elementor-5188 elementor-3867\" data-elementor-post-type=\"page\">\n\t\t\t\t<div class=\"elementor-element elementor-element-5fa442e0 e-con-full e-flex e-con e-parent\" data-id=\"5fa442e0\" data-element_type=\"container\" data-e-type=\"container\">\n\t\t\t\t<div class=\"elementor-element elementor-element-18124cae elementor-widget elementor-widget-heading\" data-id=\"18124cae\" data-element_type=\"widget\" data-e-type=\"widget\" data-widget_type=\"heading.default\">\n\t\t\t\t\t<h1 class=\"elementor-heading-title elementor-size-default\">Testimonios<\/h1>\t\t\t\t<\/div>\n\t\t\t\t<div class=\"elementor-element elementor-element-8ad81af elementor-widget elementor-widget-text-editor\" data-id=\"8ad81af\" data-element_type=\"widget\" data-e-type=\"widget\" data-widget_type=\"text-editor.default\">\n\t\t\t\t\t\t\t\t\t<div class=\"header-text\">Descubre c\u00f3mo Dios est\u00e1 obrando en Iglesia del Pueblo<\/div>\t\t\t\t\t\t\t\t<\/div>\n\t\t\t\t<\/div>\n\t\t<div class=\"elementor-element elementor-element-069c447 e-con-full e-flex e-con e-parent\" data-id=\"069c447\" data-element_type=\"container\" data-e-type=\"container\">\n\t\t\t\t<div class=\"elementor-element elementor-element-b618238 elementor-widget elementor-widget-heading\" data-id=\"b618238\" data-element_type=\"widget\" data-e-type=\"widget\" data-widget_type=\"heading.default\">\n\t\t\t\t\t<h4 class=\"elementor-heading-title elementor-size-default\">Toca las im\u00e1genes de abajo para ver.<\/h4>\t\t\t\t<\/div>\n\t\t\t\t<\/div>\n\t\t<div class=\"elementor-element elementor-element-067b52c e-con-full e-flex e-con e-parent\" data-id=\"067b52c\" data-element_type=\"container\" data-e-type=\"container\">\n\t\t<div class=\"elementor-element elementor-element-cd66f3d e-con-full e-flex e-con e-child\" data-id=\"cd66f3d\" data-element_type=\"container\" data-e-type=\"container\">\n\t\t\t\t<div class=\"elementor-element elementor-element-6689b25 elementor-widget elementor-widget-video\" data-id=\"6689b25\" data-element_type=\"widget\" data-e-type=\"widget\" data-settings=\"{&quot;youtube_url&quot;:&quot;https:\\\/\\\/www.youtube.com\\\/watch?v=CkyZV_qkS-I&quot;,&quot;yt_privacy&quot;:&quot;yes&quot;,&quot;video_type&quot;:&quot;youtube&quot;}\" data-widget_type=\"video.default\">\n\t\t\t\t\t\t\t<div class=\"elementor-wrapper elementor-open-inline\">\n\t\t\t<div class=\"elementor-video\"><\/div>\t\t<\/div>\n\t\t\t\t\t\t<\/div>\n\t\t\t\t<\/div>\n\t\t<div class=\"elementor-element elementor-element-874f61d e-con-full e-flex e-con e-child\" data-id=\"874f61d\" data-element_type=\"container\" data-e-type=\"container\">\n\t\t\t\t<div class=\"elementor-element elementor-element-ef2b2c3 elementor-widget elementor-widget-video\" data-id=\"ef2b2c3\" data-element_type=\"widget\" data-e-type=\"widget\" data-settings=\"{&quot;youtube_url&quot;:&quot;https:\\\/\\\/www.youtube.com\\\/watch?v=H4n0vflTtNI&quot;,&quot;yt_privacy&quot;:&quot;yes&quot;,&quot;video_type&quot;:&quot;youtube&quot;}\" data-widget_type=\"video.default\">\n\t\t\t\t\t\t\t<div class=\"elementor-wrapper elementor-open-inline\">\n\t\t\t<div class=\"elementor-video\"><\/div>\t\t<\/div>\n\t\t\t\t\t\t<\/div>\n\t\t\t\t<\/div>\n\t\t<div class=\"elementor-element elementor-element-ba6c2bf e-con-full e-flex e-con e-child\" data-id=\"ba6c2bf\" data-element_type=\"container\" data-e-type=\"container\">\n\t\t\t\t<div class=\"elementor-element elementor-element-5efe9b7 elementor-widget elementor-widget-video\" data-id=\"5efe9b7\" data-element_type=\"widget\" data-e-type=\"widget\" data-settings=\"{&quot;youtube_url&quot;:&quot;https:\\\/\\\/www.youtube.com\\\/watch?v=A-PGSADFzPM&quot;,&quot;yt_privacy&quot;:&quot;yes&quot;,&quot;video_type&quot;:&quot;youtube&quot;}\" data-widget_type=\"video.default\">\n\t\t\t\t\t\t\t<div class=\"elementor-wrapper elementor-open-inline\">\n\t\t\t<div class=\"elementor-video\"><\/div>\t\t<\/div>\n\t\t\t\t\t\t<\/div>\n\t\t\t\t<\/div>\n\t\t\t\t<\/div>\n\t\t<div class=\"elementor-element elementor-element-fc6ba83 e-con-full e-flex e-con e-parent\" data-id=\"fc6ba83\" data-element_type=\"container\" data-e-type=\"container\">\n\t\t<div class=\"elementor-element elementor-element-46853e3 e-con-full e-flex e-con e-child\" data-id=\"46853e3\" data-element_type=\"container\" data-e-type=\"container\">\n\t\t\t\t<div class=\"elementor-element elementor-element-62c3913 elementor-widget elementor-widget-video\" data-id=\"62c3913\" data-element_type=\"widget\" data-e-type=\"widget\" data-settings=\"{&quot;youtube_url&quot;:&quot;https:\\\/\\\/www.youtube.com\\\/watch?v=c6-SKXQRy3U&quot;,&quot;yt_privacy&quot;:&quot;yes&quot;,&quot;video_type&quot;:&quot;youtube&quot;}\" data-widget_type=\"video.default\">\n\t\t\t\t\t\t\t<div class=\"elementor-wrapper elementor-open-inline\">\n\t\t\t<div class=\"elementor-video\"><\/div>\t\t<\/div>\n\t\t\t\t\t\t<\/div>\n\t\t\t\t<\/div>\n\t\t<div class=\"elementor-element elementor-element-f638f5a e-con-full e-flex e-con e-child\" data-id=\"f638f5a\" data-element_type=\"container\" data-e-type=\"container\">\n\t\t\t\t<div class=\"elementor-element elementor-element-eac58de elementor-widget elementor-widget-video\" data-id=\"eac58de\" data-element_type=\"widget\" data-e-type=\"widget\" data-settings=\"{&quot;youtube_url&quot;:&quot;https:\\\/\\\/www.youtube.com\\\/watch?v=_XSeH4GQNT4&quot;,&quot;yt_privacy&quot;:&quot;yes&quot;,&quot;video_type&quot;:&quot;youtube&quot;}\" data-widget_type=\"video.default\">\n\t\t\t\t\t\t\t<div class=\"elementor-wrapper elementor-open-inline\">\n\t\t\t<div class=\"elementor-video\"><\/div>\t\t<\/div>\n\t\t\t\t\t\t<\/div>\n\t\t\t\t<\/div>\n\t\t<div class=\"elementor-element elementor-element-cc5b237 e-con-full e-flex e-con e-child\" data-id=\"cc5b237\" data-element_type=\"container\" data-e-type=\"container\">\n\t\t\t\t<div class=\"elementor-element elementor-element-155fe75 elementor-widget elementor-widget-video\" data-id=\"155fe75\" data-element_type=\"widget\" data-e-type=\"widget\" data-settings=\"{&quot;youtube_url&quot;:&quot;https:\\\/\\\/www.youtube.com\\\/watch?v=hspM015VAn0&quot;,&quot;yt_privacy&quot;:&quot;yes&quot;,&quot;video_type&quot;:&quot;youtube&quot;}\" data-widget_type=\"video.default\">\n\t\t\t\t\t\t\t<div class=\"elementor-wrapper elementor-open-inline\">\n\t\t\t<div class=\"elementor-video\"><\/div>\t\t<\/div>\n\t\t\t\t\t\t<\/div>\n\t\t\t\t<\/div>\n\t\t\t\t<\/div>\n\t\t<div class=\"elementor-element elementor-element-b6d8309 e-con-full e-flex e-con e-parent\" data-id=\"b6d8309\" data-element_type=\"container\" data-e-type=\"container\">\n\t\t<div class=\"elementor-element elementor-element-329c021 e-con-full e-flex e-con e-child\" data-id=\"329c021\" data-element_type=\"container\" data-e-type=\"container\">\n\t\t\t\t<div class=\"elementor-element elementor-element-26c8668 elementor-widget elementor-widget-video\" data-id=\"26c8668\" data-element_type=\"widget\" data-e-type=\"widget\" data-settings=\"{&quot;youtube_url&quot;:&quot;https:\\\/\\\/www.youtube.com\\\/watch?feature=shared&amp;v=fJpjMcV1HBI&quot;,&quot;yt_privacy&quot;:&quot;yes&quot;,&quot;video_type&quot;:&quot;youtube&quot;}\" data-widget_type=\"video.default\">\n\t\t\t\t\t\t\t<div class=\"elementor-wrapper elementor-open-inline\">\n\t\t\t<div class=\"elementor-video\"><\/div>\t\t<\/div>\n\t\t\t\t\t\t<\/div>\n\t\t\t\t<\/div>\n\t\t<div class=\"elementor-element elementor-element-76235a3 e-con-full e-flex e-con e-child\" data-id=\"76235a3\" data-element_type=\"container\" data-e-type=\"container\">\n\t\t\t\t<div class=\"elementor-element elementor-element-0d0a62a elementor-widget elementor-widget-video\" data-id=\"0d0a62a\" data-element_type=\"widget\" data-e-type=\"widget\" data-settings=\"{&quot;youtube_url&quot;:&quot;https:\\\/\\\/www.youtube.com\\\/watch?v=AXJ925FHT4Q&quot;,&quot;yt_privacy&quot;:&quot;yes&quot;,&quot;video_type&quot;:&quot;youtube&quot;}\" data-widget_type=\"video.default\">\n\t\t\t\t\t\t\t<div class=\"elementor-wrapper elementor-open-inline\">\n\t\t\t<div class=\"elementor-video\"><\/div>\t\t<\/div>\n\t\t\t\t\t\t<\/div>\n\t\t\t\t<\/div>\n\t\t<div class=\"elementor-element elementor-element-b99bca8 e-con-full e-flex e-con e-child\" data-id=\"b99bca8\" data-element_type=\"container\" data-e-type=\"container\">\n\t\t\t\t<div class=\"elementor-element elementor-element-bc3b3fe elementor-widget elementor-widget-video\" data-id=\"bc3b3fe\" data-element_type=\"widget\" data-e-type=\"widget\" data-settings=\"{&quot;youtube_url&quot;:&quot;https:\\\/\\\/www.youtube.com\\\/watch?v=-FtUFojcRiQ&quot;,&quot;yt_privacy&quot;:&quot;yes&quot;,&quot;video_type&quot;:&quot;youtube&quot;}\" data-widget_type=\"video.default\">\n\t\t\t\t\t\t\t<div class=\"elementor-wrapper elementor-open-inline\">\n\t\t\t<div class=\"elementor-video\"><\/div>\t\t<\/div>\n\t\t\t\t\t\t<\/div>\n\t\t\t\t<\/div>\n\t\t\t\t<\/div>\n\t\t<div class=\"elementor-element elementor-element-a1f4c40 e-con-full e-flex e-con e-parent\" data-id=\"a1f4c40\" data-element_type=\"container\" data-e-type=\"container\">\n\t\t<div class=\"elementor-element elementor-element-df622d5 e-con-full e-flex e-con e-child\" data-id=\"df622d5\" data-element_type=\"container\" data-e-type=\"container\">\n\t\t\t\t<div class=\"elementor-element elementor-element-3a57609 elementor-widget elementor-widget-video\" data-id=\"3a57609\" data-element_type=\"widget\" data-e-type=\"widget\" data-settings=\"{&quot;youtube_url&quot;:&quot;https:\\\/\\\/www.youtube.com\\\/watch?v=TtX_FwdXD5o&quot;,&quot;yt_privacy&quot;:&quot;yes&quot;,&quot;video_type&quot;:&quot;youtube&quot;}\" data-widget_type=\"video.default\">\n\t\t\t\t\t\t\t<div class=\"elementor-wrapper elementor-open-inline\">\n\t\t\t<div class=\"elementor-video\"><\/div>\t\t<\/div>\n\t\t\t\t\t\t<\/div>\n\t\t\t\t<\/div>\n\t\t<div class=\"elementor-element elementor-element-29b1c22 e-con-full e-flex e-con e-child\" data-id=\"29b1c22\" data-element_type=\"container\" data-e-type=\"container\">\n\t\t\t\t<div class=\"elementor-element elementor-element-3a48a14 elementor-widget elementor-widget-video\" data-id=\"3a48a14\" data-element_type=\"widget\" data-e-type=\"widget\" data-settings=\"{&quot;youtube_url&quot;:&quot;https:\\\/\\\/www.youtube.com\\\/watch?v=7ul0WYzPB1E&quot;,&quot;yt_privacy&quot;:&quot;yes&quot;,&quot;video_type&quot;:&quot;youtube&quot;}\" data-widget_type=\"video.default\">\n\t\t\t\t\t\t\t<div class=\"elementor-wrapper elementor-open-inline\">\n\t\t\t<div class=\"elementor-video\"><\/div>\t\t<\/div>\n\t\t\t\t\t\t<\/div>\n\t\t\t\t<\/div>\n\t\t<div class=\"elementor-element elementor-element-02173f6 e-con-full e-flex e-con e-child\" data-id=\"02173f6\" data-element_type=\"container\" data-e-type=\"container\">\n\t\t\t\t<div class=\"elementor-element elementor-element-28e6d68 elementor-widget elementor-widget-video\" data-id=\"28e6d68\" data-element_type=\"widget\" data-e-type=\"widget\" data-settings=\"{&quot;youtube_url&quot;:&quot;https:\\\/\\\/www.youtube.com\\\/watch?v=4ulKYI-5j3o&quot;,&quot;yt_privacy&quot;:&quot;yes&quot;,&quot;video_type&quot;:&quot;youtube&quot;}\" data-widget_type=\"video.default\">\n\t\t\t\t\t\t\t<div class=\"elementor-wrapper elementor-open-inline\">\n\t\t\t<div class=\"elementor-video\"><\/div>\t\t<\/div>\n\t\t\t\t\t\t<\/div>\n\t\t\t\t<\/div>\n\t\t\t\t<\/div>\n\t\t<div class=\"elementor-element elementor-element-8e70f7b e-con-full e-flex e-con e-parent\" data-id=\"8e70f7b\" data-element_type=\"container\" data-e-type=\"container\">\n\t\t<div class=\"elementor-element elementor-element-635852c e-con-full e-flex e-con e-child\" data-id=\"635852c\" data-element_type=\"container\" data-e-type=\"container\">\n\t\t\t\t<div class=\"elementor-element elementor-element-316eabb elementor-widget elementor-widget-video\" data-id=\"316eabb\" data-element_type=\"widget\" data-e-type=\"widget\" data-settings=\"{&quot;youtube_url&quot;:&quot;https:\\\/\\\/www.youtube.com\\\/watch?v=gtAcqku33I4&quot;,&quot;yt_privacy&quot;:&quot;yes&quot;,&quot;video_type&quot;:&quot;youtube&quot;}\" data-widget_type=\"video.default\">\n\t\t\t\t\t\t\t<div class=\"elementor-wrapper elementor-open-inline\">\n\t\t\t<div class=\"elementor-video\"><\/div>\t\t<\/div>\n\t\t\t\t\t\t<\/div>\n\t\t\t\t<\/div>\n\t\t\t\t<\/div>\n\t\t<div class=\"elementor-element elementor-element-8759324 e-con-full e-flex e-con e-parent\" data-id=\"8759324\" data-element_type=\"container\" data-e-type=\"container\">\n\t\t\t\t<div class=\"elementor-element elementor-element-4b5f2e0 elementor-widget-divider--view-line elementor-widget elementor-widget-divider\" data-id=\"4b5f2e0\" data-element_type=\"widget\" data-e-type=\"widget\" data-widget_type=\"divider.default\">\n\t\t\t\t\t\t\t<div class=\"elementor-divider\">\n\t\t\t<span class=\"elementor-divider-separator\">\n\t\t\t\t\t\t<\/span>\n\t\t<\/div>\n\t\t\t\t\t\t<\/div>\n\t\t\t\t<div class=\"elementor-element elementor-element-a86a3c0 elementor-widget elementor-widget-heading\" data-id=\"a86a3c0\" data-element_type=\"widget\" data-e-type=\"widget\" data-widget_type=\"heading.default\">\n\t\t\t\t\t<h2 class=\"elementor-heading-title elementor-size-default\">\u00bfPor qu\u00e9 compartir tu testimonio?<\/h2>\t\t\t\t<\/div>\n\t\t\t\t<\/div>\n\t\t<div class=\"elementor-element elementor-element-da214fa e-con-full e-flex e-con e-parent\" data-id=\"da214fa\" data-element_type=\"container\" data-e-type=\"container\">\n\t\t<div class=\"elementor-element elementor-element-634cf04 e-con-full e-flex e-con e-child\" data-id=\"634cf04\" data-element_type=\"container\" data-e-type=\"container\">\n\t\t\t\t<div class=\"elementor-element elementor-element-46e02cd elementor-widget elementor-widget-html\" data-id=\"46e02cd\" data-element_type=\"widget\" data-e-type=\"widget\" data-widget_type=\"html.default\">\n\t\t\t\t\t<iframe src=\"https:\/\/forms.monday.com\/forms\/embed\/e0134bcc9f23844e608437fdf4ef25a4?r=use1\" width=\"100%\" height=\"1700\" style=\"border: 0; box-shadow: 5px 5px 56px 0px rgba(0,0,0,0.25);\"><\/iframe>\t\t\t\t<\/div>\n\t\t\t\t<\/div>\n\t\t<div class=\"elementor-element elementor-element-f97f7a0 e-con-full e-flex e-con e-child\" data-id=\"f97f7a0\" data-element_type=\"container\" data-e-type=\"container\">\n\t\t\t\t<div class=\"elementor-element elementor-element-484518d elementor-widget elementor-widget-video\" data-id=\"484518d\" data-element_type=\"widget\" data-e-type=\"widget\" data-settings=\"{&quot;youtube_url&quot;:&quot;https:\\\/\\\/www.youtube.com\\\/watch?v=UH2wcY9YgWQ&quot;,&quot;yt_privacy&quot;:&quot;yes&quot;,&quot;video_type&quot;:&quot;youtube&quot;}\" data-widget_type=\"video.default\">\n\t\t\t\t\t\t\t<div class=\"elementor-wrapper elementor-open-inline\">\n\t\t\t<div class=\"elementor-video\"><\/div>\t\t<\/div>\n\t\t\t\t\t\t<\/div>\n\t\t\t\t<\/div>\n\t\t\t\t<\/div>\n\t\t\t\t<\/div>\n\t\t","protected":false},"excerpt":{"rendered":"<p>Testimonios Descubre c\u00f3mo Dios est\u00e1 obrando en Iglesia del Pueblo Toca las im\u00e1genes de abajo para ver. <a href=\"https:\/\/www.youtube.com\/watch?v=CkyZV_qkS-Ihttps:\/\/www.youtube.com\/watch?v=H4n0vflTtNIhttps:\/\/www.youtube.com\/watch?v=A-PGSADFzPMhttps:\/\/www.youtube.com\/watch?v=c6-SKXQRy3Uhttps:\/\/www.youtube.com\/watch?v=_XSeH4GQNT4https:\/\/www.youtube.com\/watch?v=hspM015VAn0https:\/\/www.youtube.com\/watch?feature=shared&#038;v=fJpjMcV1HBIhttps:\/\/www.youtube.com\/watch?v=AXJ925FHT4Qhttps:\/\/www.youtube.com\/watch?v=-FtUFojcRiQhttps:\/\/www.youtube.com\/watch?v=TtX_FwdXD5ohttps:\/\/www.youtube.com\/watch?v=7ul0WYzPB1Ehttps:\/\/www.youtube.com\/watch?v=4ulKYI-5j3ohttps:\/\/www.youtube.com\/watch?v=gtAcqku33I4\" rel=\"nofollow\">https:\/\/www.youtube.com\/watch?v=CkyZV_qkS-Ihttps:\/\/www.youtube.com\/watch?v=H4n0vflTtNIhttps:\/\/www.youtube.com\/watch?v=A-PGSADFzPMhttps:\/\/www.youtube.com\/watch?v=c6-SKXQRy3Uhttps:\/\/www.youtube.com\/watch?v=_XSeH4GQNT4https:\/\/www.youtube.com\/watch?v=hspM015VAn0https:\/\/www.youtube.com\/watch?feature=shared&#038;v=fJpjMcV1HBIhttps:\/\/www.youtube.com\/watch?v=AXJ925FHT4Qhttps:\/\/www.youtube.com\/watch?v=-FtUFojcRiQhttps:\/\/www.youtube.com\/watch?v=TtX_FwdXD5ohttps:\/\/www.youtube.com\/watch?v=7ul0WYzPB1Ehttps:\/\/www.youtube.com\/watch?v=4ulKYI-5j3ohttps:\/\/www.youtube.com\/watch?v=gtAcqku33I4<\/a> \u00bfPor qu\u00e9 compartir tu testimonio? <a href=\"https:\/\/www.youtube.com\/watch?v=UH2wcY9YgWQ\" rel=\"nofollow\">https:\/\/www.youtube.com\/watch?v=UH2wcY9YgWQ<\/a><\/p>\n","protected":false},"author":271840638,"featured_media":0,"parent":0,"menu_order":0,"comment_status":"closed","ping_status":"closed","template":"","meta":{"_crdt_document":"","advanced_seo_description":"","jetpack_seo_html_title":"","jetpack_seo_noindex":false,"footnotes":""},"class_list":["post-5188","page","type-page","status-publish","hentry"],"jetpack_likes_enabled":true,"jetpack_sharing_enabled":true,"jetpack_shortlink":"https:\/\/wp.me\/PgPBZS-1lG","jetpack-related-posts":[{"id":3867,"url":"https:\/\/wheatonbible.org\/stories\/","url_meta":{"origin":5188,"position":0},"title":"Stories","author":"Joe","date":"12 de enero de 2026","format":false,"excerpt":"Stories Discover how God is at work throughout Wheaton Bible Church Tap Images Below to Watch https:\/\/www.youtube.com\/watch?v=CkyZV_qkS-Ihttps:\/\/www.youtube.com\/watch?v=H4n0vflTtNIhttps:\/\/www.youtube.com\/watch?v=A-PGSADFzPMhttps:\/\/www.youtube.com\/watch?v=c6-SKXQRy3Uhttps:\/\/www.youtube.com\/watch?v=_XSeH4GQNT4https:\/\/www.youtube.com\/watch?v=hspM015VAn0https:\/\/www.youtube.com\/watch?feature=shared&v=fJpjMcV1HBIhttps:\/\/www.youtube.com\/watch?v=AXJ925FHT4Qhttps:\/\/www.youtube.com\/watch?v=-FtUFojcRiQhttps:\/\/www.youtube.com\/watch?v=TtX_FwdXD5ohttps:\/\/www.youtube.com\/watch?v=7ul0WYzPB1Ehttps:\/\/www.youtube.com\/watch?v=4ulKYI-5j3ohttps:\/\/www.youtube.com\/watch?v=gtAcqku33I4 Why Share Your Story? https:\/\/www.youtube.com\/watch?v=UH2wcY9YgWQ","rel":"","context":"Entrada similar","block_context":{"text":"Entrada similar","link":""},"img":{"alt_text":"","src":"","width":0,"height":0},"classes":[]},{"id":3878,"url":"https:\/\/wheatonbible.org\/es\/leader-tools\/","url_meta":{"origin":5188,"position":1},"title":"Leader Tools","author":"Joe","date":"13 de enero de 2026","format":false,"excerpt":"Leader Tools Balancing Group Discussion Every person brings something valuable to your group. Create an environment where everyone feels seen, valued, and heard.https:\/\/www.youtube.com\/watch?v=2hR2XkWAu8Y Listening A framework to help attend to and listen to those in your world.https:\/\/www.youtube.com\/watch?v=SuOXLGwmjAY Guard Your Heart Everything we do flows from our heart. What are you\u2026","rel":"","context":"Entrada similar","block_context":{"text":"Entrada similar","link":""},"img":{"alt_text":"","src":"","width":0,"height":0},"classes":[]},{"id":3522,"url":"https:\/\/wheatonbible.org\/baptism\/","url_meta":{"origin":5188,"position":2},"title":"Baptism","author":"Joe","date":"17 de diciembre de 2025","format":false,"excerpt":"Baptism We believe that according to the Scriptures, baptism does not save. Instead, it is an act of joyful obedience to the Lord, as an outward sign of our new life in Christ, in accordance with our repentance and profession of faith in Jesus as our Lord and Savior. We\u2026","rel":"","context":"Entrada similar","block_context":{"text":"Entrada similar","link":""},"img":{"alt_text":"","src":"https:\/\/i0.wp.com\/wheatonbible.org\/wp-content\/uploads\/2025\/11\/Baptism-Square.webp?fit=400%2C400&ssl=1&resize=350%2C200","width":350,"height":200},"classes":[]},{"id":4562,"url":"https:\/\/wheatonbible.org\/es\/bautismo\/","url_meta":{"origin":5188,"position":3},"title":"Bautismo","author":"Joe","date":"17 de diciembre de 2025","format":false,"excerpt":"Bautismo El bautismo es un s\u00edmbolo externo del arrepentimiento de una persona y una profesi\u00f3n p\u00fablica de fe en Jesucristo. Este es un paso importante en la vida de cada creyente y una alegre celebraci\u00f3n para nosotros como familia de la iglesia. Aqu\u00ed en Iglesia del Pueblo nuestro deseo es\u2026","rel":"","context":"Entrada similar","block_context":{"text":"Entrada similar","link":""},"img":{"alt_text":"","src":"https:\/\/i0.wp.com\/jadams21a1e2cf3a-rhspm.wpcomstaging.com\/wp-content\/uploads\/2025\/10\/baptism-2.jpg?fit=600%2C400&ssl=1&resize=350%2C200","width":350,"height":200,"srcset":"https:\/\/i0.wp.com\/jadams21a1e2cf3a-rhspm.wpcomstaging.com\/wp-content\/uploads\/2025\/10\/baptism-2.jpg?fit=600%2C400&ssl=1&resize=350%2C200 1x, https:\/\/i0.wp.com\/jadams21a1e2cf3a-rhspm.wpcomstaging.com\/wp-content\/uploads\/2025\/10\/baptism-2.jpg?fit=600%2C400&ssl=1&resize=525%2C300 1.5x"},"classes":[]},{"id":1080,"url":"https:\/\/wheatonbible.org\/sermons\/","url_meta":{"origin":5188,"position":4},"title":"Sermons","author":"Joe","date":"13 de noviembre de 2025","format":false,"excerpt":"Watch Live Welcome to Wheaton Bible Church! We're so glad you\u2019re choosing to worship with us. We value gathering together to worship Jesus, to place ourselves under the teaching of God\u2019s Word, edify one another and enjoy fellowship. If you\u2019re unable to join us in person, we welcome you to\u2026","rel":"","context":"Entrada similar","block_context":{"text":"Entrada similar","link":""},"img":{"alt_text":"","src":"https:\/\/i0.wp.com\/wheatonbible.org\/wp-content\/uploads\/2025\/11\/Hanibal-Preaching-2024.webp?fit=1200%2C675&ssl=1&resize=350%2C200","width":350,"height":200,"srcset":"https:\/\/i0.wp.com\/wheatonbible.org\/wp-content\/uploads\/2025\/11\/Hanibal-Preaching-2024.webp?fit=1200%2C675&ssl=1&resize=350%2C200 1x, https:\/\/i0.wp.com\/wheatonbible.org\/wp-content\/uploads\/2025\/11\/Hanibal-Preaching-2024.webp?fit=1200%2C675&ssl=1&resize=525%2C300 1.5x, https:\/\/i0.wp.com\/wheatonbible.org\/wp-content\/uploads\/2025\/11\/Hanibal-Preaching-2024.webp?fit=1200%2C675&ssl=1&resize=700%2C400 2x, https:\/\/i0.wp.com\/wheatonbible.org\/wp-content\/uploads\/2025\/11\/Hanibal-Preaching-2024.webp?fit=1200%2C675&ssl=1&resize=1050%2C600 3x"},"classes":[]},{"id":1214,"url":"https:\/\/wheatonbible.org\/women\/","url_meta":{"origin":5188,"position":5},"title":"Women","author":"Joe","date":"17 de noviembre de 2025","format":false,"excerpt":"Women's Ministries Women's Ministry at WBC has something for every woman\u2014single, married, 20-something or 80-something, moms, grandmas, those ready to try their first Bible study, and those wanting to build on decades of following Christ.Check out our ongoing Bible studies, including Place4You on Tuesday evenings or Wednesday mornings, as well\u2026","rel":"","context":"Entrada similar","block_context":{"text":"Entrada similar","link":""},"img":{"alt_text":"","src":"https:\/\/i0.wp.com\/wheatonbible.org\/wp-content\/uploads\/2025\/11\/2025_Womens_Place4You_Web-0509.webp?fit=1200%2C801&ssl=1&resize=350%2C200","width":350,"height":200,"srcset":"https:\/\/i0.wp.com\/wheatonbible.org\/wp-content\/uploads\/2025\/11\/2025_Womens_Place4You_Web-0509.webp?fit=1200%2C801&ssl=1&resize=350%2C200 1x, https:\/\/i0.wp.com\/wheatonbible.org\/wp-content\/uploads\/2025\/11\/2025_Womens_Place4You_Web-0509.webp?fit=1200%2C801&ssl=1&resize=525%2C300 1.5x, https:\/\/i0.wp.com\/wheatonbible.org\/wp-content\/uploads\/2025\/11\/2025_Womens_Place4You_Web-0509.webp?fit=1200%2C801&ssl=1&resize=700%2C400 2x, https:\/\/i0.wp.com\/wheatonbible.org\/wp-content\/uploads\/2025\/11\/2025_Womens_Place4You_Web-0509.webp?fit=1200%2C801&ssl=1&resize=1050%2C600 3x"},"classes":[]}],"_links":{"self":[{"href":"https:\/\/wheatonbible.org\/es\/wp-json\/wp\/v2\/pages\/5188","targetHints":{"allow":["GET"]}}],"collection":[{"href":"https:\/\/wheatonbible.org\/es\/wp-json\/wp\/v2\/pages"}],"about":[{"href":"https:\/\/wheatonbible.org\/es\/wp-json\/wp\/v2\/types\/page"}],"author":[{"embeddable":true,"href":"https:\/\/wheatonbible.org\/es\/wp-json\/wp\/v2\/users\/271840638"}],"replies":[{"embeddable":true,"href":"https:\/\/wheatonbible.org\/es\/wp-json\/wp\/v2\/comments?post=5188"}],"version-history":[{"count":1,"href":"https:\/\/wheatonbible.org\/es\/wp-json\/wp\/v2\/pages\/5188\/revisions"}],"predecessor-version":[{"id":5189,"href":"https:\/\/wheatonbible.org\/es\/wp-json\/wp\/v2\/pages\/5188\/revisions\/5189"}],"wp:attachment":[{"href":"https:\/\/wheatonbible.org\/es\/wp-json\/wp\/v2\/media?parent=5188"}],"curies":[{"name":"wp","href":"https:\/\/api.w.org\/{rel}","templated":true}]}}