{"id":5173,"date":"2025-12-11T14:03:11","date_gmt":"2025-12-11T20:03:11","guid":{"rendered":"https:\/\/wheatonbible.org\/amamos-a-nuestros-vecinos\/"},"modified":"2026-04-21T09:31:04","modified_gmt":"2026-04-21T14:31:04","slug":"amamos-a-nuestros-vecinos","status":"publish","type":"page","link":"https:\/\/wheatonbible.org\/es\/amamos-a-nuestros-vecinos\/","title":{"rendered":"Amamos a Nuestros Vecinos"},"content":{"rendered":"\t\t<div data-elementor-type=\"wp-page\" data-elementor-id=\"5173\" class=\"elementor elementor-5173 elementor-3081\" data-elementor-post-type=\"page\">\n\t\t\t\t<div class=\"elementor-element elementor-element-5d6e3e65 e-con-full e-flex e-con e-parent\" data-id=\"5d6e3e65\" data-element_type=\"container\" data-e-type=\"container\">\n\t\t<div class=\"elementor-element elementor-element-7f7b0552 e-con-full e-flex e-con e-child\" data-id=\"7f7b0552\" data-element_type=\"container\" data-e-type=\"container\">\n\t\t\t\t<div class=\"elementor-element elementor-element-3a297e8d elementor-widget elementor-widget-heading\" data-id=\"3a297e8d\" data-element_type=\"widget\" data-e-type=\"widget\" data-widget_type=\"heading.default\">\n\t\t\t\t\t<h1 class=\"elementor-heading-title elementor-size-default\">Amamos a Nuestros Vecinos<\/h1>\t\t\t\t<\/div>\n\t\t\t\t<div class=\"elementor-element elementor-element-c485415 elementor-widget elementor-widget-heading\" data-id=\"c485415\" data-element_type=\"widget\" data-e-type=\"widget\" data-widget_type=\"heading.default\">\n\t\t\t\t\t<h5 class=\"elementor-heading-title elementor-size-default\">\u201cAma al se\u00f1or tu dios\u2026 y ama a tu pr\u00f3jimo como a ti mismo.\u201d<\/h5>\t\t\t\t<\/div>\n\t\t\t\t<div class=\"elementor-element elementor-element-6ccbb106 elementor-widget elementor-widget-text-editor\" data-id=\"6ccbb106\" data-element_type=\"widget\" data-e-type=\"widget\" data-widget_type=\"text-editor.default\">\n\t\t\t\t\t\t\t\t\t<p><em>Mateo 22:37-39<\/em><\/p>\t\t\t\t\t\t\t\t<\/div>\n\t\t\t\t<\/div>\n\t\t<div class=\"elementor-element elementor-element-ac56fb0 e-con-full e-flex e-con e-child\" data-id=\"ac56fb0\" data-element_type=\"container\" data-e-type=\"container\">\n\t\t\t\t<div class=\"elementor-element elementor-element-1f6c932b elementor-widget elementor-widget-image\" data-id=\"1f6c932b\" data-element_type=\"widget\" data-e-type=\"widget\" data-widget_type=\"image.default\">\n\t\t\t\t\t\t\t\t\t\t\t\t\t\t\t<img fetchpriority=\"high\" decoding=\"async\" data-attachment-id=\"5174\" data-permalink=\"https:\/\/wheatonbible.org\/es\/puente-banner-2\/\" data-orig-file=\"https:\/\/i0.wp.com\/wheatonbible.org\/wp-content\/uploads\/2025\/12\/Puente-Banner.jpg?fit=2048%2C1000&amp;ssl=1\" data-orig-size=\"2048,1000\" data-comments-opened=\"1\" data-image-meta=\"{&quot;aperture&quot;:&quot;0&quot;,&quot;credit&quot;:&quot;&quot;,&quot;camera&quot;:&quot;&quot;,&quot;caption&quot;:&quot;&quot;,&quot;created_timestamp&quot;:&quot;0&quot;,&quot;copyright&quot;:&quot;&quot;,&quot;focal_length&quot;:&quot;0&quot;,&quot;iso&quot;:&quot;0&quot;,&quot;shutter_speed&quot;:&quot;0&quot;,&quot;title&quot;:&quot;&quot;,&quot;orientation&quot;:&quot;0&quot;}\" data-image-title=\"Puente-Banner\" data-image-description=\"\" data-image-caption=\"\" data-large-file=\"https:\/\/i0.wp.com\/wheatonbible.org\/wp-content\/uploads\/2025\/12\/Puente-Banner.jpg?fit=800%2C391&amp;ssl=1\" width=\"2048\" height=\"1000\" src=\"https:\/\/i0.wp.com\/wheatonbible.org\/wp-content\/uploads\/2025\/12\/Puente-Banner.jpg?fit=2048%2C1000&amp;ssl=1\" class=\"attachment-full size-full wp-image-5174\" alt=\"\" srcset=\"https:\/\/i0.wp.com\/wheatonbible.org\/wp-content\/uploads\/2025\/12\/Puente-Banner.jpg?w=2048&amp;ssl=1 2048w, https:\/\/i0.wp.com\/wheatonbible.org\/wp-content\/uploads\/2025\/12\/Puente-Banner.jpg?resize=300%2C146&amp;ssl=1 300w, https:\/\/i0.wp.com\/wheatonbible.org\/wp-content\/uploads\/2025\/12\/Puente-Banner.jpg?resize=1024%2C500&amp;ssl=1 1024w, https:\/\/i0.wp.com\/wheatonbible.org\/wp-content\/uploads\/2025\/12\/Puente-Banner.jpg?resize=768%2C375&amp;ssl=1 768w, https:\/\/i0.wp.com\/wheatonbible.org\/wp-content\/uploads\/2025\/12\/Puente-Banner.jpg?resize=1536%2C750&amp;ssl=1 1536w, https:\/\/i0.wp.com\/wheatonbible.org\/wp-content\/uploads\/2025\/12\/Puente-Banner.jpg?w=1600&amp;ssl=1 1600w\" sizes=\"(max-width: 800px) 100vw, 800px\" data-attachment-id=\"5174\" data-permalink=\"https:\/\/wheatonbible.org\/es\/puente-banner-2\/\" data-orig-file=\"https:\/\/i0.wp.com\/wheatonbible.org\/wp-content\/uploads\/2025\/12\/Puente-Banner.jpg?fit=2048%2C1000&amp;ssl=1\" data-orig-size=\"2048,1000\" data-comments-opened=\"1\" data-image-meta=\"{&quot;aperture&quot;:&quot;0&quot;,&quot;credit&quot;:&quot;&quot;,&quot;camera&quot;:&quot;&quot;,&quot;caption&quot;:&quot;&quot;,&quot;created_timestamp&quot;:&quot;0&quot;,&quot;copyright&quot;:&quot;&quot;,&quot;focal_length&quot;:&quot;0&quot;,&quot;iso&quot;:&quot;0&quot;,&quot;shutter_speed&quot;:&quot;0&quot;,&quot;title&quot;:&quot;&quot;,&quot;orientation&quot;:&quot;0&quot;}\" data-image-title=\"Puente-Banner\" data-image-description=\"\" data-image-caption=\"\" data-large-file=\"https:\/\/i0.wp.com\/wheatonbible.org\/wp-content\/uploads\/2025\/12\/Puente-Banner.jpg?fit=800%2C391&amp;ssl=1\" \/>\t\t\t\t\t\t\t\t\t\t\t\t\t\t\t<\/div>\n\t\t\t\t<\/div>\n\t\t\t\t<\/div>\n\t\t<div class=\"elementor-element elementor-element-ce3782e e-con-full e-flex e-con e-parent\" data-id=\"ce3782e\" data-element_type=\"container\" data-e-type=\"container\">\n\t\t\t\t<div class=\"elementor-element elementor-element-207971c elementor-widget elementor-widget-heading\" data-id=\"207971c\" data-element_type=\"widget\" data-e-type=\"widget\" data-widget_type=\"heading.default\">\n\t\t\t\t\t<h2 class=\"elementor-heading-title elementor-size-default\">Misiones Locales<\/h2>\t\t\t\t<\/div>\n\t\t\t\t<\/div>\n\t\t<div class=\"elementor-element elementor-element-4d4fe377 e-con-full e-flex e-con e-parent\" data-id=\"4d4fe377\" data-element_type=\"container\" data-e-type=\"container\">\n\t\t<a class=\"elementor-element elementor-element-4919a59b e-con-full e-flex e-con e-child\" data-id=\"4919a59b\" data-element_type=\"container\" data-e-type=\"container\" data-settings=\"{&quot;background_background&quot;:&quot;classic&quot;}\">\n\t\t\t\t<div class=\"elementor-element elementor-element-74e36840 elementor-widget elementor-widget-heading\" data-id=\"74e36840\" data-element_type=\"widget\" data-e-type=\"widget\" data-widget_type=\"heading.default\">\n\t\t\t\t\t<h2 class=\"elementor-heading-title elementor-size-default\">Puente del Pueblo<\/h2>\t\t\t\t<\/div>\n\t\t\t\t<\/a>\n\t\t<a class=\"elementor-element elementor-element-7225be64 e-con-full e-flex e-con e-child\" data-id=\"7225be64\" data-element_type=\"container\" data-e-type=\"container\" data-settings=\"{&quot;background_background&quot;:&quot;classic&quot;}\" href=\"https:\/\/wheatonbible.org\/es\/carefest\/\">\n\t\t\t\t<div class=\"elementor-element elementor-element-36ffab53 elementor-widget elementor-widget-heading\" data-id=\"36ffab53\" data-element_type=\"widget\" data-e-type=\"widget\" data-widget_type=\"heading.default\">\n\t\t\t\t\t<h2 class=\"elementor-heading-title elementor-size-default\">CareFest<\/h2>\t\t\t\t<\/div>\n\t\t\t\t<\/a>\n\t\t<a class=\"elementor-element elementor-element-79c05f25 e-con-full e-flex e-con e-child\" data-id=\"79c05f25\" data-element_type=\"container\" data-e-type=\"container\" data-settings=\"{&quot;background_background&quot;:&quot;classic&quot;}\" href=\"https:\/\/wheatonbible.org\/es\/la-tienda-de-navidad\/\">\n\t\t\t\t<div class=\"elementor-element elementor-element-9d5cae elementor-widget elementor-widget-heading\" data-id=\"9d5cae\" data-element_type=\"widget\" data-e-type=\"widget\" data-widget_type=\"heading.default\">\n\t\t\t\t\t<h2 class=\"elementor-heading-title elementor-size-default\">La Tienda de Navidad<\/h2>\t\t\t\t<\/div>\n\t\t\t\t<\/a>\n\t\t\t\t<\/div>\n\t\t<div class=\"elementor-element elementor-element-60741c9 e-con-full e-flex e-con e-parent\" data-id=\"60741c9\" data-element_type=\"container\" data-e-type=\"container\">\n\t\t\t\t<div class=\"elementor-element elementor-element-5ea1416 elementor-widget elementor-widget-spacer\" data-id=\"5ea1416\" data-element_type=\"widget\" data-e-type=\"widget\" data-widget_type=\"spacer.default\">\n\t\t\t\t\t\t\t<div class=\"elementor-spacer\">\n\t\t\t<div class=\"elementor-spacer-inner\"><\/div>\n\t\t<\/div>\n\t\t\t\t\t\t<\/div>\n\t\t\t\t<div class=\"elementor-element elementor-element-0994453 elementor-widget elementor-widget-heading\" data-id=\"0994453\" data-element_type=\"widget\" data-e-type=\"widget\" data-widget_type=\"heading.default\">\n\t\t\t\t\t<h2 class=\"elementor-heading-title elementor-size-default\">Nuestros Colaboradores Ministeriales Locales<\/h2>\t\t\t\t<\/div>\n\t\t\t\t<\/div>\n\t\t<div class=\"elementor-element elementor-element-3fb3d922 e-con-full e-flex e-con e-parent\" data-id=\"3fb3d922\" data-element_type=\"container\" data-e-type=\"container\">\n\t\t<a class=\"elementor-element elementor-element-473b315b e-con-full e-flex e-con e-child\" data-id=\"473b315b\" data-element_type=\"container\" data-e-type=\"container\" data-settings=\"{&quot;background_background&quot;:&quot;classic&quot;}\" href=\"#elementor-action%3Aaction%3Dpopup%3Aopen%26settings%3DeyJpZCI6NTg5OSwidG9nZ2xlIjpmYWxzZX0%3D\">\n\t\t\t\t<div class=\"elementor-element elementor-element-4457f7c4 elementor-widget elementor-widget-heading\" data-id=\"4457f7c4\" data-element_type=\"widget\" data-e-type=\"widget\" data-widget_type=\"heading.default\">\n\t\t\t\t\t<h2 class=\"elementor-heading-title elementor-size-default\">Administer Justice<\/h2>\t\t\t\t<\/div>\n\t\t\t\t<\/a>\n\t\t<a class=\"elementor-element elementor-element-4ebdf651 e-con-full e-flex e-con e-child\" data-id=\"4ebdf651\" data-element_type=\"container\" data-e-type=\"container\" data-settings=\"{&quot;background_background&quot;:&quot;classic&quot;}\" href=\"#elementor-action%3Aaction%3Dpopup%3Aopen%26settings%3DeyJpZCI6NTkwNCwidG9nZ2xlIjpmYWxzZX0%3D\">\n\t\t\t\t<div class=\"elementor-element elementor-element-55ab1cd5 elementor-widget elementor-widget-heading\" data-id=\"55ab1cd5\" data-element_type=\"widget\" data-e-type=\"widget\" data-widget_type=\"heading.default\">\n\t\t\t\t\t<h2 class=\"elementor-heading-title elementor-size-default\">Safe Families<\/h2>\t\t\t\t<\/div>\n\t\t\t\t<\/a>\n\t\t<a class=\"elementor-element elementor-element-9726f01 e-con-full e-flex e-con e-child\" data-id=\"9726f01\" data-element_type=\"container\" data-e-type=\"container\" data-settings=\"{&quot;background_background&quot;:&quot;classic&quot;}\" href=\"#elementor-action%3Aaction%3Dpopup%3Aopen%26settings%3DeyJpZCI6NTkwOSwidG9nZ2xlIjpmYWxzZX0%3D\">\n\t\t\t\t<div class=\"elementor-element elementor-element-1fd99604 elementor-widget elementor-widget-heading\" data-id=\"1fd99604\" data-element_type=\"widget\" data-e-type=\"widget\" data-widget_type=\"heading.default\">\n\t\t\t\t\t<h2 class=\"elementor-heading-title elementor-size-default\">World Relief<\/h2>\t\t\t\t<\/div>\n\t\t\t\t<\/a>\n\t\t\t\t<\/div>\n\t\t<div class=\"elementor-element elementor-element-b8afdd2 e-con-full e-flex e-con e-parent\" data-id=\"b8afdd2\" data-element_type=\"container\" data-e-type=\"container\">\n\t\t<a class=\"elementor-element elementor-element-fda61fe e-con-full e-flex e-con e-child\" data-id=\"fda61fe\" data-element_type=\"container\" data-e-type=\"container\" data-settings=\"{&quot;background_background&quot;:&quot;classic&quot;}\" href=\"#elementor-action%3Aaction%3Dpopup%3Aopen%26settings%3DeyJpZCI6NTkxNCwidG9nZ2xlIjpmYWxzZX0%3D\">\n\t\t\t\t<div class=\"elementor-element elementor-element-b854002 elementor-widget elementor-widget-heading\" data-id=\"b854002\" data-element_type=\"widget\" data-e-type=\"widget\" data-widget_type=\"heading.default\">\n\t\t\t\t\t<h2 class=\"elementor-heading-title elementor-size-default\">Naomi's House<\/h2>\t\t\t\t<\/div>\n\t\t\t\t<\/a>\n\t\t<a class=\"elementor-element elementor-element-cb17874 e-con-full e-flex e-con e-child\" data-id=\"cb17874\" data-element_type=\"container\" data-e-type=\"container\" data-settings=\"{&quot;background_background&quot;:&quot;classic&quot;}\" href=\"#elementor-action%3Aaction%3Dpopup%3Aopen%26settings%3DeyJpZCI6NTkyMSwidG9nZ2xlIjpmYWxzZX0%3D\">\n\t\t\t\t<div class=\"elementor-element elementor-element-dc66b32 elementor-widget elementor-widget-heading\" data-id=\"dc66b32\" data-element_type=\"widget\" data-e-type=\"widget\" data-widget_type=\"heading.default\">\n\t\t\t\t\t<h2 class=\"elementor-heading-title elementor-size-default\">South Asian Friendship Center<\/h2>\t\t\t\t<\/div>\n\t\t\t\t<\/a>\n\t\t<a class=\"elementor-element elementor-element-abf51db e-con-full e-flex e-con e-child\" data-id=\"abf51db\" data-element_type=\"container\" data-e-type=\"container\" data-settings=\"{&quot;background_background&quot;:&quot;classic&quot;}\" href=\"#elementor-action%3Aaction%3Dpopup%3Aopen%26settings%3DeyJpZCI6NTkyNiwidG9nZ2xlIjpmYWxzZX0%3D\">\n\t\t\t\t<div class=\"elementor-element elementor-element-5ff58ed elementor-widget elementor-widget-heading\" data-id=\"5ff58ed\" data-element_type=\"widget\" data-e-type=\"widget\" data-widget_type=\"heading.default\">\n\t\t\t\t\t<h2 class=\"elementor-heading-title elementor-size-default\">Caring Network<\/h2>\t\t\t\t<\/div>\n\t\t\t\t<\/a>\n\t\t\t\t<\/div>\n\t\t<div class=\"elementor-element elementor-element-9e29733 e-con-full e-flex e-con e-parent\" data-id=\"9e29733\" data-element_type=\"container\" data-e-type=\"container\">\n\t\t<a class=\"elementor-element elementor-element-aff6736 e-con-full e-flex e-con e-child\" data-id=\"aff6736\" data-element_type=\"container\" data-e-type=\"container\" data-settings=\"{&quot;background_background&quot;:&quot;classic&quot;}\" href=\"#elementor-action%3Aaction%3Dpopup%3Aopen%26settings%3DeyJpZCI6NTkzMSwidG9nZ2xlIjpmYWxzZX0%3D\">\n\t\t\t\t<div class=\"elementor-element elementor-element-743d55b elementor-widget elementor-widget-heading\" data-id=\"743d55b\" data-element_type=\"widget\" data-e-type=\"widget\" data-widget_type=\"heading.default\">\n\t\t\t\t\t<h2 class=\"elementor-heading-title elementor-size-default\">Outreach<\/h2>\t\t\t\t<\/div>\n\t\t\t\t<\/a>\n\t\t<a class=\"elementor-element elementor-element-f235f4f e-con-full e-flex e-con e-child\" data-id=\"f235f4f\" data-element_type=\"container\" data-e-type=\"container\" data-settings=\"{&quot;background_background&quot;:&quot;classic&quot;}\" href=\"#elementor-action%3Aaction%3Dpopup%3Aopen%26settings%3DeyJpZCI6MzUxMSwidG9nZ2xlIjpmYWxzZX0%3D\">\n\t\t\t\t<div class=\"elementor-element elementor-element-96dc721 elementor-widget elementor-widget-heading\" data-id=\"96dc721\" data-element_type=\"widget\" data-e-type=\"widget\" data-widget_type=\"heading.default\">\n\t\t\t\t\t<h2 class=\"elementor-heading-title elementor-size-default\">Repeat Boutique<\/h2>\t\t\t\t<\/div>\n\t\t\t\t<\/a>\n\t\t<a class=\"elementor-element elementor-element-1c74b47 e-con-full e-flex e-con e-child\" data-id=\"1c74b47\" data-element_type=\"container\" data-e-type=\"container\" data-settings=\"{&quot;background_background&quot;:&quot;classic&quot;}\" href=\"#elementor-action%3Aaction%3Dpopup%3Aopen%26settings%3DeyJpZCI6NTk0MCwidG9nZ2xlIjpmYWxzZX0%3D\">\n\t\t\t\t<div class=\"elementor-element elementor-element-8d10f74 elementor-widget elementor-widget-heading\" data-id=\"8d10f74\" data-element_type=\"widget\" data-e-type=\"widget\" data-widget_type=\"heading.default\">\n\t\t\t\t\t<h2 class=\"elementor-heading-title elementor-size-default\">Neighborhood Food Pantries<\/h2>\t\t\t\t<\/div>\n\t\t\t\t<\/a>\n\t\t\t\t<\/div>\n\t\t\t\t<\/div>\n\t\t","protected":false},"excerpt":{"rendered":"<p>Amamos a Nuestros Vecinos \u201cAma al se\u00f1or tu dios\u2026 y ama a tu pr\u00f3jimo como a ti mismo.\u201d Mateo 22:37-39 Misiones Locales Puente del Pueblo CareFest La Tienda de Navidad [&hellip;]<\/p>\n","protected":false},"author":271840638,"featured_media":0,"parent":0,"menu_order":0,"comment_status":"closed","ping_status":"closed","template":"","meta":{"_crdt_document":"","advanced_seo_description":"","jetpack_seo_html_title":"","jetpack_seo_noindex":false,"footnotes":""},"class_list":["post-5173","page","type-page","status-publish","hentry"],"jetpack_likes_enabled":true,"jetpack_sharing_enabled":true,"jetpack_shortlink":"https:\/\/wp.me\/PgPBZS-1lr","jetpack-related-posts":[{"id":4914,"url":"https:\/\/wheatonbible.org\/es\/misiones\/","url_meta":{"origin":5173,"position":0},"title":"Misiones","author":"Joe","date":"10 de noviembre de 2025","format":false,"excerpt":"Misiones Como iglesia, nosotros... Vamos Nos Aliamos Amamos a las Naciones Amamos a Nuestros Vecinos \u00danete al Equipo Dios nos ha llamado a ser una iglesia que \u201cama al pr\u00f3jimo\u201d y \u201cama a las naciones.\u201d Desde la fundaci\u00f3n de Wheaton Bible Church hace casi 100 a\u00f1os, Dios ha levantado a\u2026","rel":"","context":"Entrada similar","block_context":{"text":"Entrada similar","link":""},"img":{"alt_text":"","src":"https:\/\/i0.wp.com\/jadams21a1e2cf3a-rhspm.wpcomstaging.com\/wp-content\/uploads\/2025\/11\/Missions-Serving-Collage.webp?fit=1080%2C500&ssl=1&resize=350%2C200","width":350,"height":200,"srcset":"https:\/\/i0.wp.com\/jadams21a1e2cf3a-rhspm.wpcomstaging.com\/wp-content\/uploads\/2025\/11\/Missions-Serving-Collage.webp?fit=1080%2C500&ssl=1&resize=350%2C200 1x, https:\/\/i0.wp.com\/jadams21a1e2cf3a-rhspm.wpcomstaging.com\/wp-content\/uploads\/2025\/11\/Missions-Serving-Collage.webp?fit=1080%2C500&ssl=1&resize=525%2C300 1.5x, https:\/\/i0.wp.com\/jadams21a1e2cf3a-rhspm.wpcomstaging.com\/wp-content\/uploads\/2025\/11\/Missions-Serving-Collage.webp?fit=1080%2C500&ssl=1&resize=700%2C400 2x, https:\/\/i0.wp.com\/jadams21a1e2cf3a-rhspm.wpcomstaging.com\/wp-content\/uploads\/2025\/11\/Missions-Serving-Collage.webp?fit=1080%2C500&ssl=1&resize=1050%2C600 3x"},"classes":[]},{"id":5161,"url":"https:\/\/wheatonbible.org\/es\/amamos-a-las-naciones\/","url_meta":{"origin":5173,"position":1},"title":"Amamos a las Naciones","author":"Joe","date":"10 de diciembre de 2025","format":false,"excerpt":"Amamos a las Naciones \"Dios tenga piedad de nosotros y nos bendiga\u2026 Para que sea conocido en la tierra Tu camino, entre todas las naciones Tu salvaci\u00f3n.\" Salmo 67:1-2 Impacto Global Nuestros misioneros y aliados nacionales alcanzan, aman e impulsan a personas en m\u00e1s de 50 naciones a trav\u00e9s de\u2026","rel":"","context":"Entrada similar","block_context":{"text":"Entrada similar","link":""},"img":{"alt_text":"","src":"https:\/\/i0.wp.com\/jadams21a1e2cf3a-rhspm.wpcomstaging.com\/wp-content\/uploads\/2025\/12\/DR-LEslie-and-Kids-Alive-child-1.jpg?fit=960%2C640&ssl=1&resize=350%2C200","width":350,"height":200,"srcset":"https:\/\/i0.wp.com\/jadams21a1e2cf3a-rhspm.wpcomstaging.com\/wp-content\/uploads\/2025\/12\/DR-LEslie-and-Kids-Alive-child-1.jpg?fit=960%2C640&ssl=1&resize=350%2C200 1x, https:\/\/i0.wp.com\/jadams21a1e2cf3a-rhspm.wpcomstaging.com\/wp-content\/uploads\/2025\/12\/DR-LEslie-and-Kids-Alive-child-1.jpg?fit=960%2C640&ssl=1&resize=525%2C300 1.5x, https:\/\/i0.wp.com\/jadams21a1e2cf3a-rhspm.wpcomstaging.com\/wp-content\/uploads\/2025\/12\/DR-LEslie-and-Kids-Alive-child-1.jpg?fit=960%2C640&ssl=1&resize=700%2C400 2x"},"classes":[]},{"id":5238,"url":"https:\/\/wheatonbible.org\/es\/carefest\/","url_meta":{"origin":5173,"position":2},"title":"Carefest","author":"Joe","date":"16 de diciembre de 2025","format":false,"excerpt":"CareFest 1 D\u00eda 4 horas M\u00e1s de 1000 voluntarios CareFest significa \u201cser buenos vecinos\u201d. Con el objetivo de construir puentes de amor y compasi\u00f3n en la comunidad, los voluntarios de CareFest de Wheaton Bible Church e Iglesia del Pueblo ofrecen su tiempo y habilidades para proporcionar ayuda pr\u00e1ctica y f\u00edsica\u2026","rel":"","context":"Entrada similar","block_context":{"text":"Entrada similar","link":""},"img":{"alt_text":"","src":"https:\/\/i0.wp.com\/jadams21a1e2cf3a-rhspm.wpcomstaging.com\/wp-content\/uploads\/2025\/11\/CareFest2024.webp?fit=1920%2C1080&ssl=1&resize=350%2C200","width":350,"height":200,"srcset":"https:\/\/i0.wp.com\/jadams21a1e2cf3a-rhspm.wpcomstaging.com\/wp-content\/uploads\/2025\/11\/CareFest2024.webp?fit=1920%2C1080&ssl=1&resize=350%2C200 1x, https:\/\/i0.wp.com\/jadams21a1e2cf3a-rhspm.wpcomstaging.com\/wp-content\/uploads\/2025\/11\/CareFest2024.webp?fit=1920%2C1080&ssl=1&resize=525%2C300 1.5x, https:\/\/i0.wp.com\/jadams21a1e2cf3a-rhspm.wpcomstaging.com\/wp-content\/uploads\/2025\/11\/CareFest2024.webp?fit=1920%2C1080&ssl=1&resize=700%2C400 2x, https:\/\/i0.wp.com\/jadams21a1e2cf3a-rhspm.wpcomstaging.com\/wp-content\/uploads\/2025\/11\/CareFest2024.webp?fit=1920%2C1080&ssl=1&resize=1050%2C600 3x, https:\/\/i0.wp.com\/jadams21a1e2cf3a-rhspm.wpcomstaging.com\/wp-content\/uploads\/2025\/11\/CareFest2024.webp?fit=1920%2C1080&ssl=1&resize=1400%2C800 4x"},"classes":[]},{"id":4207,"url":"https:\/\/wheatonbible.org\/es\/","url_meta":{"origin":5173,"position":3},"title":"Home","author":"Joe","date":"29 de octubre de 2025","format":false,"excerpt":"Iglesia del Pueblo Domingos 12:15 pm | 8:45 am (Ingl\u00e9s) | 10:30 am (Ingl\u00e9s) Amar a Dios | Amarnos Unos a Otros | Amar a Nuetro Pr\u00f3jimo | Amar a las Naciones Ver Dar \u00a1Nos alegra que est\u00e9s aqu\u00ed! Serie de Mensajes: Est\u00e9n Firmes Acomp\u00e1\u00f1anos en este recorrido por los\u2026","rel":"","context":"Entrada similar","block_context":{"text":"Entrada similar","link":""},"img":{"alt_text":"","src":"https:\/\/i0.wp.com\/wheatonbible.org\/wp-content\/uploads\/2025\/09\/homepage-header.webp?fit=1200%2C675&ssl=1&resize=350%2C200","width":350,"height":200,"srcset":"https:\/\/i0.wp.com\/wheatonbible.org\/wp-content\/uploads\/2025\/09\/homepage-header.webp?fit=1200%2C675&ssl=1&resize=350%2C200 1x, https:\/\/i0.wp.com\/wheatonbible.org\/wp-content\/uploads\/2025\/09\/homepage-header.webp?fit=1200%2C675&ssl=1&resize=525%2C300 1.5x, https:\/\/i0.wp.com\/wheatonbible.org\/wp-content\/uploads\/2025\/09\/homepage-header.webp?fit=1200%2C675&ssl=1&resize=700%2C400 2x, https:\/\/i0.wp.com\/wheatonbible.org\/wp-content\/uploads\/2025\/09\/homepage-header.webp?fit=1200%2C675&ssl=1&resize=1050%2C600 3x"},"classes":[]},{"id":5049,"url":"https:\/\/wheatonbible.org\/es\/creencias-valores\/","url_meta":{"origin":5173,"position":4},"title":"Creencias &amp; Valores","author":"Joe","date":"2 de diciembre de 2025","format":false,"excerpt":"Creencias & Valores A Iglesia del Pueblo Creemos... Dios nos ha llamado a ser una Iglesia del Gran Mandamiento y la Gran Comisi\u00f3n. Somos una iglesia que est\u00e1 en el mundo pero no es del mundo. Una iglesia que busca ser fiel y fruct\u00edfera. Una Iglesia que ama de palabra\u2026","rel":"","context":"Entrada similar","block_context":{"text":"Entrada similar","link":""},"img":{"alt_text":"","src":"https:\/\/i0.wp.com\/jadams21a1e2cf3a-rhspm.wpcomstaging.com\/wp-content\/uploads\/2025\/09\/homepage-header.webp?fit=800%2C450&ssl=1&resize=350%2C200","width":350,"height":200,"srcset":"https:\/\/i0.wp.com\/jadams21a1e2cf3a-rhspm.wpcomstaging.com\/wp-content\/uploads\/2025\/09\/homepage-header.webp?fit=800%2C450&ssl=1&resize=350%2C200 1x, https:\/\/i0.wp.com\/jadams21a1e2cf3a-rhspm.wpcomstaging.com\/wp-content\/uploads\/2025\/09\/homepage-header.webp?fit=800%2C450&ssl=1&resize=525%2C300 1.5x, https:\/\/i0.wp.com\/jadams21a1e2cf3a-rhspm.wpcomstaging.com\/wp-content\/uploads\/2025\/09\/homepage-header.webp?fit=800%2C450&ssl=1&resize=700%2C400 2x"},"classes":[]},{"id":5211,"url":"https:\/\/wheatonbible.org\/es\/kids-life\/","url_meta":{"origin":5173,"position":5},"title":"Kids&#8217; Life","author":"Joe","date":"20 de noviembre de 2025","format":false,"excerpt":"Kids' Life Amamos a los ni\u00f1os y creemos que son una parte importante de nuestra familia de la iglesia. Los ni\u00f1os no son solo el futuro; son una parte vital de la iglesia hoy. Como padres, ustedes son los principales influenciadores en la vida y en la fe de sus\u2026","rel":"","context":"Entrada similar","block_context":{"text":"Entrada similar","link":""},"img":{"alt_text":"","src":"https:\/\/i0.wp.com\/wheatonbible.org\/wp-content\/uploads\/2025\/12\/Kids-Life-WBC-34.jpg?resize=350%2C200&ssl=1","width":350,"height":200,"srcset":"https:\/\/i0.wp.com\/wheatonbible.org\/wp-content\/uploads\/2025\/12\/Kids-Life-WBC-34.jpg?resize=350%2C200&ssl=1 1x, https:\/\/i0.wp.com\/wheatonbible.org\/wp-content\/uploads\/2025\/12\/Kids-Life-WBC-34.jpg?resize=525%2C300&ssl=1 1.5x, https:\/\/i0.wp.com\/wheatonbible.org\/wp-content\/uploads\/2025\/12\/Kids-Life-WBC-34.jpg?resize=700%2C400&ssl=1 2x, https:\/\/i0.wp.com\/wheatonbible.org\/wp-content\/uploads\/2025\/12\/Kids-Life-WBC-34.jpg?resize=1050%2C600&ssl=1 3x, https:\/\/i0.wp.com\/wheatonbible.org\/wp-content\/uploads\/2025\/12\/Kids-Life-WBC-34.jpg?resize=1400%2C800&ssl=1 4x"},"classes":[]}],"_links":{"self":[{"href":"https:\/\/wheatonbible.org\/es\/wp-json\/wp\/v2\/pages\/5173","targetHints":{"allow":["GET"]}}],"collection":[{"href":"https:\/\/wheatonbible.org\/es\/wp-json\/wp\/v2\/pages"}],"about":[{"href":"https:\/\/wheatonbible.org\/es\/wp-json\/wp\/v2\/types\/page"}],"author":[{"embeddable":true,"href":"https:\/\/wheatonbible.org\/es\/wp-json\/wp\/v2\/users\/271840638"}],"replies":[{"embeddable":true,"href":"https:\/\/wheatonbible.org\/es\/wp-json\/wp\/v2\/comments?post=5173"}],"version-history":[{"count":5,"href":"https:\/\/wheatonbible.org\/es\/wp-json\/wp\/v2\/pages\/5173\/revisions"}],"predecessor-version":[{"id":5948,"href":"https:\/\/wheatonbible.org\/es\/wp-json\/wp\/v2\/pages\/5173\/revisions\/5948"}],"wp:attachment":[{"href":"https:\/\/wheatonbible.org\/es\/wp-json\/wp\/v2\/media?parent=5173"}],"curies":[{"name":"wp","href":"https:\/\/api.w.org\/{rel}","templated":true}]}}