{"id":5111,"date":"2025-12-03T13:38:57","date_gmt":"2025-12-03T19:38:57","guid":{"rendered":"https:\/\/wheatonbible.org\/?page_id=5111"},"modified":"2026-04-16T09:43:01","modified_gmt":"2026-04-16T14:43:01","slug":"matrimonios","status":"publish","type":"page","link":"https:\/\/wheatonbible.org\/es\/matrimonios\/","title":{"rendered":"Matrimonios"},"content":{"rendered":"\t\t<div data-elementor-type=\"wp-page\" data-elementor-id=\"5111\" class=\"elementor elementor-5111 elementor-2548\" data-elementor-post-type=\"page\">\n\t\t\t\t<div class=\"elementor-element elementor-element-7b137277 e-con-full e-flex e-con e-parent\" data-id=\"7b137277\" data-element_type=\"container\" data-e-type=\"container\">\n\t\t<div class=\"elementor-element elementor-element-3e4ea881 e-con-full e-flex e-con e-child\" data-id=\"3e4ea881\" data-element_type=\"container\" data-e-type=\"container\">\n\t\t\t\t<div class=\"elementor-element elementor-element-456b55e9 elementor-widget elementor-widget-heading\" data-id=\"456b55e9\" data-element_type=\"widget\" data-e-type=\"widget\" data-widget_type=\"heading.default\">\n\t\t\t\t\t<h1 class=\"elementor-heading-title elementor-size-default\">Matrimonios<\/h1>\t\t\t\t<\/div>\n\t\t\t\t<div class=\"elementor-element elementor-element-5d9d7d5 elementor-widget elementor-widget-text-editor\" data-id=\"5d9d7d5\" data-element_type=\"widget\" data-e-type=\"widget\" data-widget_type=\"text-editor.default\">\n\t\t\t\t\t\t\t\t\t<p>En los tiempos que vivimos, el matrimonio esta\u0301 bajo ataque. Pero eso no cambia la realidad de que Dios ha creado el matrimonio y lo ha bendecido para que sea un reflejo de su amor a cada generacio\u0301n. Matrimonios Firmes es el espacio donde nuestras parejas pueden encontrar aliento, esperanza y un fundamento so\u0301lido en Jesucristo.<\/p>\t\t\t\t\t\t\t\t<\/div>\n\t\t\t\t<\/div>\n\t\t<div class=\"elementor-element elementor-element-1d86e06a e-con-full e-flex e-con e-child\" data-id=\"1d86e06a\" data-element_type=\"container\" data-e-type=\"container\">\n\t\t\t\t<div class=\"elementor-element elementor-element-7992f225 elementor-widget elementor-widget-image\" data-id=\"7992f225\" data-element_type=\"widget\" data-e-type=\"widget\" data-widget_type=\"image.default\">\n\t\t\t\t\t\t\t\t\t\t\t\t\t\t\t<img fetchpriority=\"high\" decoding=\"async\" data-attachment-id=\"5122\" data-permalink=\"https:\/\/wheatonbible.org\/es\/matrimonios\/matrimonios-juntos-en-la-batalla-2026\/\" data-orig-file=\"https:\/\/i0.wp.com\/wheatonbible.org\/wp-content\/uploads\/2026\/02\/Matrimonios-Juntos-en-la-batalla-2026.jpg?fit=1600%2C900&amp;ssl=1\" data-orig-size=\"1600,900\" data-comments-opened=\"1\" data-image-meta=\"{&quot;aperture&quot;:&quot;0&quot;,&quot;credit&quot;:&quot;&quot;,&quot;camera&quot;:&quot;&quot;,&quot;caption&quot;:&quot;&quot;,&quot;created_timestamp&quot;:&quot;0&quot;,&quot;copyright&quot;:&quot;Wheaton Bible Church \/ Iglesia del Pueblo&quot;,&quot;focal_length&quot;:&quot;0&quot;,&quot;iso&quot;:&quot;0&quot;,&quot;shutter_speed&quot;:&quot;0&quot;,&quot;title&quot;:&quot;&quot;,&quot;orientation&quot;:&quot;0&quot;}\" data-image-title=\"Matrimonios&amp;#8212;Juntos-en-la-batalla-2026\" data-image-description=\"\" data-image-caption=\"\" data-large-file=\"https:\/\/i0.wp.com\/wheatonbible.org\/wp-content\/uploads\/2026\/02\/Matrimonios-Juntos-en-la-batalla-2026.jpg?fit=800%2C450&amp;ssl=1\" width=\"1600\" height=\"900\" src=\"https:\/\/i0.wp.com\/wheatonbible.org\/wp-content\/uploads\/2026\/02\/Matrimonios-Juntos-en-la-batalla-2026.jpg?fit=1600%2C900&amp;ssl=1\" class=\"attachment-full size-full wp-image-5122\" alt=\"\" srcset=\"https:\/\/i0.wp.com\/wheatonbible.org\/wp-content\/uploads\/2026\/02\/Matrimonios-Juntos-en-la-batalla-2026.jpg?w=1600&amp;ssl=1 1600w, https:\/\/i0.wp.com\/wheatonbible.org\/wp-content\/uploads\/2026\/02\/Matrimonios-Juntos-en-la-batalla-2026.jpg?resize=300%2C169&amp;ssl=1 300w, https:\/\/i0.wp.com\/wheatonbible.org\/wp-content\/uploads\/2026\/02\/Matrimonios-Juntos-en-la-batalla-2026.jpg?resize=1024%2C576&amp;ssl=1 1024w, https:\/\/i0.wp.com\/wheatonbible.org\/wp-content\/uploads\/2026\/02\/Matrimonios-Juntos-en-la-batalla-2026.jpg?resize=768%2C432&amp;ssl=1 768w, https:\/\/i0.wp.com\/wheatonbible.org\/wp-content\/uploads\/2026\/02\/Matrimonios-Juntos-en-la-batalla-2026.jpg?resize=1536%2C864&amp;ssl=1 1536w\" sizes=\"(max-width: 800px) 100vw, 800px\" data-attachment-id=\"5122\" data-permalink=\"https:\/\/wheatonbible.org\/es\/matrimonios\/matrimonios-juntos-en-la-batalla-2026\/\" data-orig-file=\"https:\/\/i0.wp.com\/wheatonbible.org\/wp-content\/uploads\/2026\/02\/Matrimonios-Juntos-en-la-batalla-2026.jpg?fit=1600%2C900&amp;ssl=1\" data-orig-size=\"1600,900\" data-comments-opened=\"1\" data-image-meta=\"{&quot;aperture&quot;:&quot;0&quot;,&quot;credit&quot;:&quot;&quot;,&quot;camera&quot;:&quot;&quot;,&quot;caption&quot;:&quot;&quot;,&quot;created_timestamp&quot;:&quot;0&quot;,&quot;copyright&quot;:&quot;Wheaton Bible Church \/ Iglesia del Pueblo&quot;,&quot;focal_length&quot;:&quot;0&quot;,&quot;iso&quot;:&quot;0&quot;,&quot;shutter_speed&quot;:&quot;0&quot;,&quot;title&quot;:&quot;&quot;,&quot;orientation&quot;:&quot;0&quot;}\" data-image-title=\"Matrimonios&amp;#8212;Juntos-en-la-batalla-2026\" data-image-description=\"\" data-image-caption=\"\" data-large-file=\"https:\/\/i0.wp.com\/wheatonbible.org\/wp-content\/uploads\/2026\/02\/Matrimonios-Juntos-en-la-batalla-2026.jpg?fit=800%2C450&amp;ssl=1\" \/>\t\t\t\t\t\t\t\t\t\t\t\t\t\t\t<\/div>\n\t\t\t\t<\/div>\n\t\t\t\t<\/div>\n\t\t<div class=\"elementor-element elementor-element-12013b3 e-con-full e-flex e-con e-parent\" data-id=\"12013b3\" data-element_type=\"container\" data-e-type=\"container\">\n\t\t\t\t<div class=\"elementor-element elementor-element-00d3ab5 elementor-widget-divider--view-line elementor-widget elementor-widget-divider\" data-id=\"00d3ab5\" data-element_type=\"widget\" data-e-type=\"widget\" data-widget_type=\"divider.default\">\n\t\t\t\t\t\t\t<div class=\"elementor-divider\">\n\t\t\t<span class=\"elementor-divider-separator\">\n\t\t\t\t\t\t<\/span>\n\t\t<\/div>\n\t\t\t\t\t\t<\/div>\n\t\t\t\t<\/div>\n\t\t<div class=\"elementor-element elementor-element-5a93ed49 e-con-full e-flex e-con e-parent\" data-id=\"5a93ed49\" data-element_type=\"container\" data-e-type=\"container\">\n\t\t<a class=\"elementor-element elementor-element-711f9edf e-con-full e-flex e-con e-child\" data-id=\"711f9edf\" data-element_type=\"container\" data-e-type=\"container\" data-settings=\"{&quot;background_background&quot;:&quot;classic&quot;}\" href=\"#elementor-action%3Aaction%3Dpopup%3Aopen%26settings%3DeyJpZCI6Mjg3MywidG9nZ2xlIjpmYWxzZX0%3D\">\n\t\t\t\t<div class=\"elementor-element elementor-element-41f655a elementor-widget elementor-widget-heading\" data-id=\"41f655a\" data-element_type=\"widget\" data-e-type=\"widget\" data-widget_type=\"heading.default\">\n\t\t\t\t\t<h2 class=\"elementor-heading-title elementor-size-default\">Re|Engage<\/h2>\t\t\t\t<\/div>\n\t\t\t\t<div class=\"elementor-element elementor-element-38c4fbe4 elementor-widget elementor-widget-text-editor\" data-id=\"38c4fbe4\" data-element_type=\"widget\" data-e-type=\"widget\" data-widget_type=\"text-editor.default\">\n\t\t\t\t\t\t\t\t\t<p>Ministerio de enriquecimiento para cada matrimonio<\/p>\t\t\t\t\t\t\t\t<\/div>\n\t\t\t\t<\/a>\n\t\t<a class=\"elementor-element elementor-element-1b80285 e-con-full e-flex e-con e-child\" data-id=\"1b80285\" data-element_type=\"container\" data-e-type=\"container\" data-settings=\"{&quot;background_background&quot;:&quot;classic&quot;}\" href=\"#elementor-action%3Aaction%3Dpopup%3Aopen%26settings%3DeyJpZCI6MzgzNiwidG9nZ2xlIjpmYWxzZX0%3D\">\n\t\t\t\t<div class=\"elementor-element elementor-element-04be436 elementor-widget elementor-widget-heading\" data-id=\"04be436\" data-element_type=\"widget\" data-e-type=\"widget\" data-widget_type=\"heading.default\">\n\t\t\t\t\t<h2 class=\"elementor-heading-title elementor-size-default\">Grace Marriage (Ingl\u00e9s)<\/h2>\t\t\t\t<\/div>\n\t\t\t\t<div class=\"elementor-element elementor-element-b231fa0 elementor-widget elementor-widget-text-editor\" data-id=\"b231fa0\" data-element_type=\"widget\" data-e-type=\"widget\" data-widget_type=\"text-editor.default\">\n\t\t\t\t\t\t\t\t\t<p>Monthly gathering for group teaching and fellowship<\/p>\t\t\t\t\t\t\t\t<\/div>\n\t\t\t\t<\/a>\n\t\t<a class=\"elementor-element elementor-element-6fb8861 e-con-full e-flex e-con e-child\" data-id=\"6fb8861\" data-element_type=\"container\" data-e-type=\"container\" data-settings=\"{&quot;background_background&quot;:&quot;classic&quot;}\" href=\"https:\/\/wheatonbible.org\/weddings\/\">\n\t\t\t\t<div class=\"elementor-element elementor-element-df7459a elementor-widget elementor-widget-heading\" data-id=\"df7459a\" data-element_type=\"widget\" data-e-type=\"widget\" data-widget_type=\"heading.default\">\n\t\t\t\t\t<h2 class=\"elementor-heading-title elementor-size-default\">Bodas<\/h2>\t\t\t\t<\/div>\n\t\t\t\t<div class=\"elementor-element elementor-element-81eaa55 elementor-widget elementor-widget-text-editor\" data-id=\"81eaa55\" data-element_type=\"widget\" data-e-type=\"widget\" data-widget_type=\"text-editor.default\">\n\t\t\t\t\t\t\t\t\t<p>Conoce las bodas en Wheaton Bible Church y\/o c\u00f3mo casarte con un pastor de Wheaton Bible Church.<\/p>\t\t\t\t\t\t\t\t<\/div>\n\t\t\t\t<\/a>\n\t\t\t\t<\/div>\n\t\t<div class=\"elementor-element elementor-element-6d86d08 e-con-full e-flex e-con e-parent\" data-id=\"6d86d08\" data-element_type=\"container\" data-e-type=\"container\">\n\t\t\t\t<div class=\"elementor-element elementor-element-5bacb76 elementor-widget elementor-widget-spacer\" data-id=\"5bacb76\" data-element_type=\"widget\" data-e-type=\"widget\" data-widget_type=\"spacer.default\">\n\t\t\t\t\t\t\t<div class=\"elementor-spacer\">\n\t\t\t<div class=\"elementor-spacer-inner\"><\/div>\n\t\t<\/div>\n\t\t\t\t\t\t<\/div>\n\t\t\t\t<\/div>\n\t\t<div class=\"elementor-element elementor-element-86f161e e-con-full e-flex e-con e-parent\" data-id=\"86f161e\" data-element_type=\"container\" data-e-type=\"container\">\n\t\t\t\t<div class=\"elementor-element elementor-element-6f450eb elementor-widget-divider--view-line elementor-widget elementor-widget-divider\" data-id=\"6f450eb\" data-element_type=\"widget\" data-e-type=\"widget\" data-widget_type=\"divider.default\">\n\t\t\t\t\t\t\t<div class=\"elementor-divider\">\n\t\t\t<span class=\"elementor-divider-separator\">\n\t\t\t\t\t\t<\/span>\n\t\t<\/div>\n\t\t\t\t\t\t<\/div>\n\t\t\t\t<div class=\"elementor-element elementor-element-f046a71 elementor-widget elementor-widget-heading\" data-id=\"f046a71\" data-element_type=\"widget\" data-e-type=\"widget\" data-widget_type=\"heading.default\">\n\t\t\t\t\t<h4 class=\"elementor-heading-title elementor-size-default\">Eventos<\/h4>\t\t\t\t<\/div>\n\t\t<div class=\"elementor-element elementor-element-e044075 e-con-full e-flex e-con e-child\" data-id=\"e044075\" data-element_type=\"container\" data-e-type=\"container\">\n\t\t\t\t<div class=\"elementor-element elementor-element-647e57b elementor-grid-3 elementor-grid-tablet-2 elementor-grid-mobile-1 elementor-widget elementor-widget-loop-grid\" data-id=\"647e57b\" data-element_type=\"widget\" data-e-type=\"widget\" data-settings=\"{&quot;template_id&quot;:1367,&quot;_skin&quot;:&quot;post&quot;,&quot;columns&quot;:&quot;3&quot;,&quot;columns_tablet&quot;:&quot;2&quot;,&quot;columns_mobile&quot;:&quot;1&quot;,&quot;edit_handle_selector&quot;:&quot;[data-elementor-type=\\&quot;loop-item\\&quot;]&quot;,&quot;row_gap&quot;:{&quot;unit&quot;:&quot;px&quot;,&quot;size&quot;:&quot;&quot;,&quot;sizes&quot;:[]},&quot;row_gap_tablet&quot;:{&quot;unit&quot;:&quot;px&quot;,&quot;size&quot;:&quot;&quot;,&quot;sizes&quot;:[]},&quot;row_gap_mobile&quot;:{&quot;unit&quot;:&quot;px&quot;,&quot;size&quot;:&quot;&quot;,&quot;sizes&quot;:[]}}\" data-widget_type=\"loop-grid.post\">\n\t\t\t\t<div class=\"elementor-widget-container\">\n\t\t\t\t\t\t\t<div class=\"e-loop-nothing-found-message\">\n\t\t\t\t\t<div class=\"e-loop-nothing-found-message__text\">\n\t\t\t\tActualmente no hay pr\u00f3ximos eventos.\t\t\t<\/div>\n\t\t\t<\/div>\n\t\t\t\t\t\t<\/div>\n\t\t\t\t<\/div>\n\t\t\t\t<\/div>\n\t\t\t\t<\/div>\n\t\t<div class=\"elementor-element elementor-element-c5411ee e-con-full e-flex e-con e-parent\" data-id=\"c5411ee\" data-element_type=\"container\" data-e-type=\"container\">\n\t\t\t\t<div class=\"elementor-element elementor-element-16c2965 elementor-widget elementor-widget-heading\" data-id=\"16c2965\" data-element_type=\"widget\" data-e-type=\"widget\" data-widget_type=\"heading.default\">\n\t\t\t\t\t<h4 class=\"elementor-heading-title elementor-size-default\">Recursos<\/h4>\t\t\t\t<\/div>\n\t\t\t\t<\/div>\n\t\t<div class=\"elementor-element elementor-element-2af96d9 e-con-full e-flex e-con e-parent\" data-id=\"2af96d9\" data-element_type=\"container\" data-e-type=\"container\">\n\t\t<a class=\"elementor-element elementor-element-5ad613e e-con-full e-flex e-con e-child\" data-id=\"5ad613e\" data-element_type=\"container\" data-e-type=\"container\" data-settings=\"{&quot;background_background&quot;:&quot;classic&quot;}\" href=\"https:\/\/us.10ofthose.com\/partners\/wheatonbible\">\n\t\t\t\t<div class=\"elementor-element elementor-element-17d0c73 elementor-widget elementor-widget-heading\" data-id=\"17d0c73\" data-element_type=\"widget\" data-e-type=\"widget\" data-widget_type=\"heading.default\">\n\t\t\t\t\t<h5 class=\"elementor-heading-title elementor-size-default\">Sermones y Seminarios Sobre el Matrimonio<\/h5>\t\t\t\t<\/div>\n\t\t\t\t<div class=\"elementor-element elementor-element-cf8f2bc elementor-widget elementor-widget-text-editor\" data-id=\"cf8f2bc\" data-element_type=\"widget\" data-e-type=\"widget\" data-widget_type=\"text-editor.default\">\n\t\t\t\t\t\t\t\t\t<p>Explora nuestra lista de reproducci\u00f3n de sermones y seminarios sobre el matrimonio<\/p>\t\t\t\t\t\t\t\t<\/div>\n\t\t\t\t<\/a>\n\t\t<a class=\"elementor-element elementor-element-ec00c01 e-con-full e-flex e-con e-child\" data-id=\"ec00c01\" data-element_type=\"container\" data-e-type=\"container\" data-settings=\"{&quot;background_background&quot;:&quot;classic&quot;}\" href=\"https:\/\/us.10ofthose.com\/partners\/wheatonbible\">\n\t\t\t\t<div class=\"elementor-element elementor-element-fcbee92 elementor-widget elementor-widget-heading\" data-id=\"fcbee92\" data-element_type=\"widget\" data-e-type=\"widget\" data-widget_type=\"heading.default\">\n\t\t\t\t\t<h5 class=\"elementor-heading-title elementor-size-default\">Kingdom Conversations: Marriage<\/h5>\t\t\t\t<\/div>\n\t\t\t\t<div class=\"elementor-element elementor-element-1dad3b2 elementor-widget elementor-widget-text-editor\" data-id=\"1dad3b2\" data-element_type=\"widget\" data-e-type=\"widget\" data-widget_type=\"text-editor.default\">\n\t\t\t\t\t\t\t\t\t<p class=\"elementor-icon-box-description\">Listen to our Kingdom Conversations seminar<\/p>\t\t\t\t\t\t\t\t<\/div>\n\t\t\t\t<\/a>\n\t\t\t\t<\/div>\n\t\t\t\t<\/div>\n\t\t","protected":false},"excerpt":{"rendered":"<p>Matrimonios En los tiempos que vivimos, el matrimonio esta\u0301 bajo ataque. Pero eso no cambia la realidad de que Dios ha creado el matrimonio y lo ha bendecido para que [&hellip;]<\/p>\n","protected":false},"author":271840638,"featured_media":0,"parent":0,"menu_order":0,"comment_status":"closed","ping_status":"closed","template":"","meta":{"_crdt_document":"","advanced_seo_description":"","jetpack_seo_html_title":"","jetpack_seo_noindex":false,"footnotes":""},"class_list":["post-5111","page","type-page","status-publish","hentry"],"jetpack_likes_enabled":true,"jetpack_sharing_enabled":true,"jetpack_shortlink":"https:\/\/wp.me\/PgPBZS-1kr","jetpack-related-posts":[{"id":5273,"url":"https:\/\/wheatonbible.org\/es\/conecta-y-crece\/","url_meta":{"origin":5111,"position":0},"title":"Conecta y Crece","author":"Joe","date":"11 de noviembre de 2025","format":false,"excerpt":"Nuestros Ministerios Grupos en Casa Grupos de Discipulado B\u00edblico Hombres Mujeres Matrimonios J\u00f3venes Adultos Student Life Kids' Life Necesidades Especiales (SHINE)","rel":"","context":"Entrada similar","block_context":{"text":"Entrada similar","link":""},"img":{"alt_text":"","src":"","width":0,"height":0},"classes":[]},{"id":5953,"url":"https:\/\/wheatonbible.org\/es\/puente-del-pueblo\/","url_meta":{"origin":5111,"position":1},"title":"Puente del Pueblo","author":"Joe","date":"16 de diciembre de 2025","format":false,"excerpt":"Puente del Pueblo La misi\u00f3n de Puente del Pueblo es transformar vidas en West Chicago al involucrar a las familias en servicios de manejo de casos, programas de alfabetizaci\u00f3n para adultos, y programas acad\u00e9micos de apoyo para ni\u00f1os y j\u00f3venes. Si tienes un coraz\u00f3n para servir a los vulnerables y\u2026","rel":"","context":"Entrada similar","block_context":{"text":"Entrada similar","link":""},"img":{"alt_text":"","src":"https:\/\/i0.wp.com\/wheatonbible.org\/wp-content\/uploads\/2025\/12\/Puente-Banner.jpg?resize=350%2C200&ssl=1","width":350,"height":200,"srcset":"https:\/\/i0.wp.com\/wheatonbible.org\/wp-content\/uploads\/2025\/12\/Puente-Banner.jpg?resize=350%2C200&ssl=1 1x, https:\/\/i0.wp.com\/wheatonbible.org\/wp-content\/uploads\/2025\/12\/Puente-Banner.jpg?resize=525%2C300&ssl=1 1.5x, https:\/\/i0.wp.com\/wheatonbible.org\/wp-content\/uploads\/2025\/12\/Puente-Banner.jpg?resize=700%2C400&ssl=1 2x, https:\/\/i0.wp.com\/wheatonbible.org\/wp-content\/uploads\/2025\/12\/Puente-Banner.jpg?resize=1050%2C600&ssl=1 3x, https:\/\/i0.wp.com\/wheatonbible.org\/wp-content\/uploads\/2025\/12\/Puente-Banner.jpg?resize=1400%2C800&ssl=1 4x"},"classes":[]},{"id":5392,"url":"https:\/\/wheatonbible.org\/es\/la-tienda-de-navidad\/","url_meta":{"origin":5111,"position":2},"title":"La Tienda de Navidad","author":"Joe","date":"15 de diciembre de 2025","format":false,"excerpt":"La Tienda de Navidad Mostrando el amor de Jes\u00fas a nuestra comunidad a trav\u00e9s de compras navide\u00f1as a un precio reducido. T\u00fa puedes ayudarnos a mostrar el amor de Cristo esta Navidad contribuyendo con un regalo a la Tienda Navide\u00f1a que les brindar\u00e1 a los padres una experiencia de compra\u2026","rel":"","context":"Entrada similar","block_context":{"text":"Entrada similar","link":""},"img":{"alt_text":"","src":"https:\/\/i0.wp.com\/jadams21a1e2cf3a-rhspm.wpcomstaging.com\/wp-content\/uploads\/2025\/12\/Christmas-Store-Logo-Alt.png?fit=368%2C441&ssl=1&resize=350%2C200","width":350,"height":200},"classes":[]},{"id":5238,"url":"https:\/\/wheatonbible.org\/es\/carefest\/","url_meta":{"origin":5111,"position":3},"title":"Carefest","author":"Joe","date":"16 de diciembre de 2025","format":false,"excerpt":"CareFest 1 D\u00eda 4 horas M\u00e1s de 1000 voluntarios CareFest significa \u201cser buenos vecinos\u201d. Con el objetivo de construir puentes de amor y compasi\u00f3n en la comunidad, los voluntarios de CareFest de Wheaton Bible Church e Iglesia del Pueblo ofrecen su tiempo y habilidades para proporcionar ayuda pr\u00e1ctica y f\u00edsica\u2026","rel":"","context":"Entrada similar","block_context":{"text":"Entrada similar","link":""},"img":{"alt_text":"","src":"https:\/\/i0.wp.com\/jadams21a1e2cf3a-rhspm.wpcomstaging.com\/wp-content\/uploads\/2025\/11\/CareFest2024.webp?fit=1920%2C1080&ssl=1&resize=350%2C200","width":350,"height":200,"srcset":"https:\/\/i0.wp.com\/jadams21a1e2cf3a-rhspm.wpcomstaging.com\/wp-content\/uploads\/2025\/11\/CareFest2024.webp?fit=1920%2C1080&ssl=1&resize=350%2C200 1x, https:\/\/i0.wp.com\/jadams21a1e2cf3a-rhspm.wpcomstaging.com\/wp-content\/uploads\/2025\/11\/CareFest2024.webp?fit=1920%2C1080&ssl=1&resize=525%2C300 1.5x, https:\/\/i0.wp.com\/jadams21a1e2cf3a-rhspm.wpcomstaging.com\/wp-content\/uploads\/2025\/11\/CareFest2024.webp?fit=1920%2C1080&ssl=1&resize=700%2C400 2x, https:\/\/i0.wp.com\/jadams21a1e2cf3a-rhspm.wpcomstaging.com\/wp-content\/uploads\/2025\/11\/CareFest2024.webp?fit=1920%2C1080&ssl=1&resize=1050%2C600 3x, https:\/\/i0.wp.com\/jadams21a1e2cf3a-rhspm.wpcomstaging.com\/wp-content\/uploads\/2025\/11\/CareFest2024.webp?fit=1920%2C1080&ssl=1&resize=1400%2C800 4x"},"classes":[]},{"id":5049,"url":"https:\/\/wheatonbible.org\/es\/creencias-valores\/","url_meta":{"origin":5111,"position":4},"title":"Creencias &amp; Valores","author":"Joe","date":"2 de diciembre de 2025","format":false,"excerpt":"Creencias & Valores A Iglesia del Pueblo Creemos... Dios nos ha llamado a ser una Iglesia del Gran Mandamiento y la Gran Comisi\u00f3n. Somos una iglesia que est\u00e1 en el mundo pero no es del mundo. Una iglesia que busca ser fiel y fruct\u00edfera. Una Iglesia que ama de palabra\u2026","rel":"","context":"Entrada similar","block_context":{"text":"Entrada similar","link":""},"img":{"alt_text":"","src":"https:\/\/i0.wp.com\/jadams21a1e2cf3a-rhspm.wpcomstaging.com\/wp-content\/uploads\/2025\/09\/homepage-header.webp?fit=800%2C450&ssl=1&resize=350%2C200","width":350,"height":200,"srcset":"https:\/\/i0.wp.com\/jadams21a1e2cf3a-rhspm.wpcomstaging.com\/wp-content\/uploads\/2025\/09\/homepage-header.webp?fit=800%2C450&ssl=1&resize=350%2C200 1x, https:\/\/i0.wp.com\/jadams21a1e2cf3a-rhspm.wpcomstaging.com\/wp-content\/uploads\/2025\/09\/homepage-header.webp?fit=800%2C450&ssl=1&resize=525%2C300 1.5x, https:\/\/i0.wp.com\/jadams21a1e2cf3a-rhspm.wpcomstaging.com\/wp-content\/uploads\/2025\/09\/homepage-header.webp?fit=800%2C450&ssl=1&resize=700%2C400 2x"},"classes":[]},{"id":4641,"url":"https:\/\/wheatonbible.org\/es\/vamos\/","url_meta":{"origin":5111,"position":5},"title":"Vamos","author":"Joe","date":"19 de noviembre de 2025","format":false,"excerpt":"Vamos \u201cVayan\u2026 y hagan disc\u00edpulos de todas las naciones\u2026 y yo estar\u00e9 con ustedes siempre.\u201d Mateo 28:19a, 20bEn el primer libro de la Biblia, Dios revela Su plan de gracia \u201cpara bendecir a todas las familias de la tierra\u201d a trav\u00e9s de los descendientes de Abraham (G\u00e9nesis 12:3). Los Profetas\u2026","rel":"","context":"Entrada similar","block_context":{"text":"Entrada similar","link":""},"img":{"alt_text":"","src":"https:\/\/i0.wp.com\/wheatonbible.org\/wp-content\/uploads\/2026\/02\/Missions-We-Go-2026.jpg?resize=350%2C200&ssl=1","width":350,"height":200,"srcset":"https:\/\/i0.wp.com\/wheatonbible.org\/wp-content\/uploads\/2026\/02\/Missions-We-Go-2026.jpg?resize=350%2C200&ssl=1 1x, https:\/\/i0.wp.com\/wheatonbible.org\/wp-content\/uploads\/2026\/02\/Missions-We-Go-2026.jpg?resize=525%2C300&ssl=1 1.5x"},"classes":[]}],"_links":{"self":[{"href":"https:\/\/wheatonbible.org\/es\/wp-json\/wp\/v2\/pages\/5111","targetHints":{"allow":["GET"]}}],"collection":[{"href":"https:\/\/wheatonbible.org\/es\/wp-json\/wp\/v2\/pages"}],"about":[{"href":"https:\/\/wheatonbible.org\/es\/wp-json\/wp\/v2\/types\/page"}],"author":[{"embeddable":true,"href":"https:\/\/wheatonbible.org\/es\/wp-json\/wp\/v2\/users\/271840638"}],"replies":[{"embeddable":true,"href":"https:\/\/wheatonbible.org\/es\/wp-json\/wp\/v2\/comments?post=5111"}],"version-history":[{"count":17,"href":"https:\/\/wheatonbible.org\/es\/wp-json\/wp\/v2\/pages\/5111\/revisions"}],"predecessor-version":[{"id":5828,"href":"https:\/\/wheatonbible.org\/es\/wp-json\/wp\/v2\/pages\/5111\/revisions\/5828"}],"wp:attachment":[{"href":"https:\/\/wheatonbible.org\/es\/wp-json\/wp\/v2\/media?parent=5111"}],"curies":[{"name":"wp","href":"https:\/\/api.w.org\/{rel}","templated":true}]}}