{"id":4612,"date":"2025-12-17T13:04:14","date_gmt":"2025-12-17T19:04:14","guid":{"rendered":"https:\/\/wheatonbible.org\/servir\/"},"modified":"2026-02-10T13:46:13","modified_gmt":"2026-02-10T19:46:13","slug":"servir","status":"publish","type":"page","link":"https:\/\/wheatonbible.org\/es\/servir\/","title":{"rendered":"Servir"},"content":{"rendered":"\t\t<div data-elementor-type=\"wp-page\" data-elementor-id=\"4612\" class=\"elementor elementor-4612 elementor-3553\" data-elementor-post-type=\"page\">\n\t\t\t\t<div class=\"elementor-element elementor-element-280cd190 e-con-full e-flex e-con e-parent\" data-id=\"280cd190\" data-element_type=\"container\" data-e-type=\"container\">\n\t\t<div class=\"elementor-element elementor-element-706fbd92 e-con-full e-flex e-con e-child\" data-id=\"706fbd92\" data-element_type=\"container\" data-e-type=\"container\">\n\t\t\t\t<div class=\"elementor-element elementor-element-51a9cc6 elementor-widget elementor-widget-heading\" data-id=\"51a9cc6\" data-element_type=\"widget\" data-e-type=\"widget\" data-widget_type=\"heading.default\">\n\t\t\t\t\t<h1 class=\"elementor-heading-title elementor-size-default\">Servir<\/h1>\t\t\t\t<\/div>\n\t\t\t\t<div class=\"elementor-element elementor-element-8408e83 elementor-widget elementor-widget-text-editor\" data-id=\"8408e83\" data-element_type=\"widget\" data-e-type=\"widget\" data-widget_type=\"text-editor.default\">\n\t\t\t\t\t\t\t\t\t<p>Encuentra maneras de servir al Amarnos Unos a Otros, Amar a Tus Vecinos y Amar a las Naciones en las \u00e1reas enumeradas a continuaci\u00f3n. <\/p>\t\t\t\t\t\t\t\t<\/div>\n\t\t\t\t<\/div>\n\t\t<div class=\"elementor-element elementor-element-200f56a1 e-con-full e-flex e-con e-child\" data-id=\"200f56a1\" data-element_type=\"container\" data-e-type=\"container\">\n\t\t\t\t<div class=\"elementor-element elementor-element-75a80913 elementor-widget elementor-widget-image\" data-id=\"75a80913\" data-element_type=\"widget\" data-e-type=\"widget\" data-widget_type=\"image.default\">\n\t\t\t\t\t\t\t\t\t\t\t\t\t\t\t<img fetchpriority=\"high\" decoding=\"async\" data-attachment-id=\"4613\" data-permalink=\"https:\/\/wheatonbible.org\/es\/serve-banner-2\/\" data-orig-file=\"https:\/\/i0.wp.com\/wheatonbible.org\/wp-content\/uploads\/2025\/09\/serve-banner.jpg?fit=2500%2C1668&amp;ssl=1\" data-orig-size=\"2500,1668\" data-comments-opened=\"1\" data-image-meta=\"{&quot;aperture&quot;:&quot;0&quot;,&quot;credit&quot;:&quot;Justin Braase&quot;,&quot;camera&quot;:&quot;ILCE-7RM2&quot;,&quot;caption&quot;:&quot;&quot;,&quot;created_timestamp&quot;:&quot;1681038593&quot;,&quot;copyright&quot;:&quot;Wheaton Bible Church&quot;,&quot;focal_length&quot;:&quot;0&quot;,&quot;iso&quot;:&quot;800&quot;,&quot;shutter_speed&quot;:&quot;0.0125&quot;,&quot;title&quot;:&quot;&quot;,&quot;orientation&quot;:&quot;0&quot;}\" data-image-title=\"Serve Banner\" data-image-description=\"\" data-image-caption=\"\" data-large-file=\"https:\/\/i0.wp.com\/wheatonbible.org\/wp-content\/uploads\/2025\/09\/serve-banner.jpg?fit=800%2C534&amp;ssl=1\" width=\"2500\" height=\"1668\" src=\"https:\/\/i0.wp.com\/wheatonbible.org\/wp-content\/uploads\/2025\/09\/serve-banner.jpg?fit=2500%2C1668&amp;ssl=1\" class=\"attachment-full size-full wp-image-4613\" alt=\"\" data-attachment-id=\"4613\" data-permalink=\"https:\/\/wheatonbible.org\/es\/serve-banner-2\/\" data-orig-file=\"https:\/\/i0.wp.com\/wheatonbible.org\/wp-content\/uploads\/2025\/09\/serve-banner.jpg?fit=2500%2C1668&amp;ssl=1\" data-orig-size=\"2500,1668\" data-comments-opened=\"1\" data-image-meta=\"{&quot;aperture&quot;:&quot;0&quot;,&quot;credit&quot;:&quot;Justin Braase&quot;,&quot;camera&quot;:&quot;ILCE-7RM2&quot;,&quot;caption&quot;:&quot;&quot;,&quot;created_timestamp&quot;:&quot;1681038593&quot;,&quot;copyright&quot;:&quot;Wheaton Bible Church&quot;,&quot;focal_length&quot;:&quot;0&quot;,&quot;iso&quot;:&quot;800&quot;,&quot;shutter_speed&quot;:&quot;0.0125&quot;,&quot;title&quot;:&quot;&quot;,&quot;orientation&quot;:&quot;0&quot;}\" data-image-title=\"Serve Banner\" data-image-description=\"\" data-image-caption=\"\" data-large-file=\"https:\/\/i0.wp.com\/wheatonbible.org\/wp-content\/uploads\/2025\/09\/serve-banner.jpg?fit=800%2C534&amp;ssl=1\" \/>\t\t\t\t\t\t\t\t\t\t\t\t\t\t\t<\/div>\n\t\t\t\t<\/div>\n\t\t\t\t<\/div>\n\t\t<div class=\"elementor-element elementor-element-55e11aa e-con-full e-flex e-con e-parent\" data-id=\"55e11aa\" data-element_type=\"container\" data-e-type=\"container\">\n\t\t\t\t<div class=\"elementor-element elementor-element-8bb77e1 elementor-widget-divider--view-line elementor-widget elementor-widget-divider\" data-id=\"8bb77e1\" data-element_type=\"widget\" data-e-type=\"widget\" data-widget_type=\"divider.default\">\n\t\t\t\t\t\t\t<div class=\"elementor-divider\">\n\t\t\t<span class=\"elementor-divider-separator\">\n\t\t\t\t\t\t<\/span>\n\t\t<\/div>\n\t\t\t\t\t\t<\/div>\n\t\t\t\t<div class=\"elementor-element elementor-element-01c8f19 elementor-widget elementor-widget-heading\" data-id=\"01c8f19\" data-element_type=\"widget\" data-e-type=\"widget\" data-widget_type=\"heading.default\">\n\t\t\t\t\t<h2 class=\"elementor-heading-title elementor-size-default\">Todos los Equipos<\/h2>\t\t\t\t<\/div>\n\t\t\t\t<\/div>\n\t\t<div class=\"elementor-element elementor-element-5f5df2a3 e-con-full e-flex e-con e-parent\" data-id=\"5f5df2a3\" data-element_type=\"container\" data-e-type=\"container\">\n\t\t<a class=\"elementor-element elementor-element-da6d516 e-con-full e-flex e-con e-child\" data-id=\"da6d516\" data-element_type=\"container\" data-e-type=\"container\" data-settings=\"{&quot;background_background&quot;:&quot;classic&quot;}\" href=\"#elementor-action%3Aaction%3Dpopup%3Aopen%26settings%3DeyJpZCI6MzYyNSwidG9nZ2xlIjpmYWxzZX0%3D\">\n\t\t\t\t<div class=\"elementor-element elementor-element-5c5df842 elementor-widget elementor-widget-heading\" data-id=\"5c5df842\" data-element_type=\"widget\" data-e-type=\"widget\" data-widget_type=\"heading.default\">\n\t\t\t\t\t<h3 class=\"elementor-heading-title elementor-size-default\">Hospitalidad<\/h3>\t\t\t\t<\/div>\n\t\t\t\t<\/a>\n\t\t<a class=\"elementor-element elementor-element-7af033b7 e-con-full e-flex e-con e-child\" data-id=\"7af033b7\" data-element_type=\"container\" data-e-type=\"container\" data-settings=\"{&quot;background_background&quot;:&quot;classic&quot;}\" href=\"#elementor-action%3Aaction%3Dpopup%3Aopen%26settings%3DeyJpZCI6MzYzMSwidG9nZ2xlIjpmYWxzZX0%3D\">\n\t\t\t\t<div class=\"elementor-element elementor-element-5a2599ca elementor-widget elementor-widget-heading\" data-id=\"5a2599ca\" data-element_type=\"widget\" data-e-type=\"widget\" data-widget_type=\"heading.default\">\n\t\t\t\t\t<h3 class=\"elementor-heading-title elementor-size-default\">Equipo de Comunicaciones<\/h3>\t\t\t\t<\/div>\n\t\t\t\t<\/a>\n\t\t<a class=\"elementor-element elementor-element-eeb38d5 e-con-full e-flex e-con e-child\" data-id=\"eeb38d5\" data-element_type=\"container\" data-e-type=\"container\" data-settings=\"{&quot;background_background&quot;:&quot;classic&quot;}\" href=\"#elementor-action%3Aaction%3Dpopup%3Aopen%26settings%3DeyJpZCI6MzYzNiwidG9nZ2xlIjpmYWxzZX0%3D\">\n\t\t\t\t<div class=\"elementor-element elementor-element-50878ca elementor-widget elementor-widget-heading\" data-id=\"50878ca\" data-element_type=\"widget\" data-e-type=\"widget\" data-widget_type=\"heading.default\">\n\t\t\t\t\t<h3 class=\"elementor-heading-title elementor-size-default\">Gathering Grounds Cafe Team<\/h3>\t\t\t\t<\/div>\n\t\t\t\t<\/a>\n\t\t\t\t<\/div>\n\t\t<div class=\"elementor-element elementor-element-95d9253 e-con-full e-flex e-con e-parent\" data-id=\"95d9253\" data-element_type=\"container\" data-e-type=\"container\">\n\t\t<a class=\"elementor-element elementor-element-324664d e-con-full e-flex e-con e-child\" data-id=\"324664d\" data-element_type=\"container\" data-e-type=\"container\" data-settings=\"{&quot;background_background&quot;:&quot;classic&quot;}\" href=\"#elementor-action%3Aaction%3Dpopup%3Aopen%26settings%3DeyJpZCI6MzY0NCwidG9nZ2xlIjpmYWxzZX0%3D\">\n\t\t\t\t<div class=\"elementor-element elementor-element-65773e1 elementor-widget elementor-widget-heading\" data-id=\"65773e1\" data-element_type=\"widget\" data-e-type=\"widget\" data-widget_type=\"heading.default\">\n\t\t\t\t\t<h3 class=\"elementor-heading-title elementor-size-default\">Equipo de Alabanza<\/h3>\t\t\t\t<\/div>\n\t\t\t\t<\/a>\n\t\t<a class=\"elementor-element elementor-element-dd2281c e-con-full e-flex e-con e-child\" data-id=\"dd2281c\" data-element_type=\"container\" data-e-type=\"container\" data-settings=\"{&quot;background_background&quot;:&quot;classic&quot;}\" href=\"#elementor-action%3Aaction%3Dpopup%3Aopen%26settings%3DeyJpZCI6MzY3NCwidG9nZ2xlIjpmYWxzZX0%3D\">\n\t\t\t\t<div class=\"elementor-element elementor-element-8ed53ba elementor-widget elementor-widget-heading\" data-id=\"8ed53ba\" data-element_type=\"widget\" data-e-type=\"widget\" data-widget_type=\"heading.default\">\n\t\t\t\t\t<h3 class=\"elementor-heading-title elementor-size-default\">Kids' Life<\/h3>\t\t\t\t<\/div>\n\t\t\t\t<\/a>\n\t\t<a class=\"elementor-element elementor-element-abc0c43 e-con-full e-flex e-con e-child\" data-id=\"abc0c43\" data-element_type=\"container\" data-e-type=\"container\" data-settings=\"{&quot;background_background&quot;:&quot;classic&quot;}\" href=\"#elementor-action%3Aaction%3Dpopup%3Aopen%26settings%3DeyJpZCI6MzY1NiwidG9nZ2xlIjpmYWxzZX0%3D\">\n\t\t\t\t<div class=\"elementor-element elementor-element-0c05d0e elementor-widget elementor-widget-heading\" data-id=\"0c05d0e\" data-element_type=\"widget\" data-e-type=\"widget\" data-widget_type=\"heading.default\">\n\t\t\t\t\t<h3 class=\"elementor-heading-title elementor-size-default\">Production Team<\/h3>\t\t\t\t<\/div>\n\t\t\t\t<\/a>\n\t\t\t\t<\/div>\n\t\t<div class=\"elementor-element elementor-element-51bd817 e-con-full e-flex e-con e-parent\" data-id=\"51bd817\" data-element_type=\"container\" data-e-type=\"container\">\n\t\t\t\t<div class=\"elementor-element elementor-element-6f29f94 elementor-widget-divider--view-line elementor-widget elementor-widget-divider\" data-id=\"6f29f94\" data-element_type=\"widget\" data-e-type=\"widget\" data-widget_type=\"divider.default\">\n\t\t\t\t\t\t\t<div class=\"elementor-divider\">\n\t\t\t<span class=\"elementor-divider-separator\">\n\t\t\t\t\t\t<\/span>\n\t\t<\/div>\n\t\t\t\t\t\t<\/div>\n\t\t\t\t<div class=\"elementor-element elementor-element-618f843 elementor-widget elementor-widget-heading\" data-id=\"618f843\" data-element_type=\"widget\" data-e-type=\"widget\" data-widget_type=\"heading.default\">\n\t\t\t\t\t<h2 class=\"elementor-heading-title elementor-size-default\">Servicio Misionero<\/h2>\t\t\t\t<\/div>\n\t\t\t\t<\/div>\n\t\t<div class=\"elementor-element elementor-element-91690c7 e-con-full e-flex e-con e-parent\" data-id=\"91690c7\" data-element_type=\"container\" data-e-type=\"container\">\n\t\t<a class=\"elementor-element elementor-element-5f33bcd e-con-full e-flex e-con e-child\" data-id=\"5f33bcd\" data-element_type=\"container\" data-e-type=\"container\" data-settings=\"{&quot;background_background&quot;:&quot;classic&quot;}\">\n\t\t\t\t<div class=\"elementor-element elementor-element-92b05d0 elementor-widget elementor-widget-heading\" data-id=\"92b05d0\" data-element_type=\"widget\" data-e-type=\"widget\" data-widget_type=\"heading.default\">\n\t\t\t\t\t<h3 class=\"elementor-heading-title elementor-size-default\">Servir Locales<\/h3>\t\t\t\t<\/div>\n\t\t\t\t<\/a>\n\t\t<div class=\"elementor-element elementor-element-a4bd76a e-con-full e-flex e-con e-child\" data-id=\"a4bd76a\" data-element_type=\"container\" data-e-type=\"container\" data-settings=\"{&quot;background_background&quot;:&quot;classic&quot;}\">\n\t\t\t\t<div class=\"elementor-element elementor-element-905958d elementor-widget elementor-widget-heading\" data-id=\"905958d\" data-element_type=\"widget\" data-e-type=\"widget\" data-widget_type=\"heading.default\">\n\t\t\t\t\t<h3 class=\"elementor-heading-title elementor-size-default\">Servir Globales<\/h3>\t\t\t\t<\/div>\n\t\t\t\t<\/div>\n\t\t\t\t<\/div>\n\t\t\t\t<\/div>\n\t\t","protected":false},"excerpt":{"rendered":"<p>Servir Encuentra maneras de servir al Amarnos Unos a Otros, Amar a Tus Vecinos y Amar a las Naciones en las \u00e1reas enumeradas a continuaci\u00f3n. Todos los Equipos Hospitalidad Equipo [&hellip;]<\/p>\n","protected":false},"author":271840638,"featured_media":0,"parent":0,"menu_order":0,"comment_status":"closed","ping_status":"closed","template":"","meta":{"_crdt_document":"","advanced_seo_description":"","jetpack_seo_html_title":"","jetpack_seo_noindex":false,"footnotes":""},"class_list":["post-4612","page","type-page","status-publish","hentry"],"jetpack_likes_enabled":true,"jetpack_sharing_enabled":true,"jetpack_shortlink":"https:\/\/wp.me\/PgPBZS-1co","jetpack-related-posts":[{"id":5040,"url":"https:\/\/wheatonbible.org\/es\/unete-al-equipo\/","url_meta":{"origin":4612,"position":0},"title":"\u00danete al Equipo","author":"Joe","date":"17 de diciembre de 2025","format":false,"excerpt":"\u00danete al Equipo \u201cAs\u00ed brille la luz de ustedes delante de los hombres, para que vean sus buenas accionesy glorifiquen a su padre que est\u00e1 en los cielos.\u201d Mateo 5:16Hay muchas maneras de ampliar tu visi\u00f3n de lo que Dios est\u00e1 haciendo en el mundo y de dejar que Su\u2026","rel":"","context":"Entrada similar","block_context":{"text":"Entrada similar","link":""},"img":{"alt_text":"","src":"https:\/\/i0.wp.com\/jadams21a1e2cf3a-rhspm.wpcomstaging.com\/wp-content\/uploads\/2025\/11\/CareFest2024.webp?fit=1920%2C1080&ssl=1&resize=350%2C200","width":350,"height":200,"srcset":"https:\/\/i0.wp.com\/jadams21a1e2cf3a-rhspm.wpcomstaging.com\/wp-content\/uploads\/2025\/11\/CareFest2024.webp?fit=1920%2C1080&ssl=1&resize=350%2C200 1x, https:\/\/i0.wp.com\/jadams21a1e2cf3a-rhspm.wpcomstaging.com\/wp-content\/uploads\/2025\/11\/CareFest2024.webp?fit=1920%2C1080&ssl=1&resize=525%2C300 1.5x, https:\/\/i0.wp.com\/jadams21a1e2cf3a-rhspm.wpcomstaging.com\/wp-content\/uploads\/2025\/11\/CareFest2024.webp?fit=1920%2C1080&ssl=1&resize=700%2C400 2x, https:\/\/i0.wp.com\/jadams21a1e2cf3a-rhspm.wpcomstaging.com\/wp-content\/uploads\/2025\/11\/CareFest2024.webp?fit=1920%2C1080&ssl=1&resize=1050%2C600 3x, https:\/\/i0.wp.com\/jadams21a1e2cf3a-rhspm.wpcomstaging.com\/wp-content\/uploads\/2025\/11\/CareFest2024.webp?fit=1920%2C1080&ssl=1&resize=1400%2C800 4x"},"classes":[]},{"id":5813,"url":"https:\/\/wheatonbible.org\/es\/next-steps\/","url_meta":{"origin":4612,"position":1},"title":"Pr\u00f3ximos Pasos","author":"Joe","date":"12 de noviembre de 2025","format":false,"excerpt":"Pr\u00f3ximos Pasos Descubre tus pr\u00f3ximos pasos para seguir a Jes\u00fas: a trav\u00e9s del bautismo, la membres\u00eda de la iglesia y servir a los dem\u00e1s. Alpha (Ingl\u00e9s) Explora los fundamentos de la fe cristiana Bautismo Haz tu declaraci\u00f3n p\u00fablica de fe Membres\u00eda \u00danete a la \u201cfamilia\u201d de la iglesia como miembro\u2026","rel":"","context":"Entrada similar","block_context":{"text":"Entrada similar","link":""},"img":{"alt_text":"","src":"","width":0,"height":0},"classes":[]},{"id":4207,"url":"https:\/\/wheatonbible.org\/es\/","url_meta":{"origin":4612,"position":2},"title":"Home","author":"Joe","date":"29 de octubre de 2025","format":false,"excerpt":"Iglesia del Pueblo Domingos 12:15 pm | 8:45 am (Ingl\u00e9s) | 10:30 am (Ingl\u00e9s) Amar a Dios | Amarnos Unos a Otros | Amar a Nuetro Pr\u00f3jimo | Amar a las Naciones Ver Dar \u00a1Nos alegra que est\u00e9s aqu\u00ed! Serie de Mensajes: Est\u00e9n Firmes Acomp\u00e1\u00f1anos en este recorrido por los\u2026","rel":"","context":"Entrada similar","block_context":{"text":"Entrada similar","link":""},"img":{"alt_text":"","src":"https:\/\/i0.wp.com\/wheatonbible.org\/wp-content\/uploads\/2025\/09\/homepage-header.webp?fit=1200%2C675&ssl=1&resize=350%2C200","width":350,"height":200,"srcset":"https:\/\/i0.wp.com\/wheatonbible.org\/wp-content\/uploads\/2025\/09\/homepage-header.webp?fit=1200%2C675&ssl=1&resize=350%2C200 1x, https:\/\/i0.wp.com\/wheatonbible.org\/wp-content\/uploads\/2025\/09\/homepage-header.webp?fit=1200%2C675&ssl=1&resize=525%2C300 1.5x, https:\/\/i0.wp.com\/wheatonbible.org\/wp-content\/uploads\/2025\/09\/homepage-header.webp?fit=1200%2C675&ssl=1&resize=700%2C400 2x, https:\/\/i0.wp.com\/wheatonbible.org\/wp-content\/uploads\/2025\/09\/homepage-header.webp?fit=1200%2C675&ssl=1&resize=1050%2C600 3x"},"classes":[]},{"id":5238,"url":"https:\/\/wheatonbible.org\/es\/carefest\/","url_meta":{"origin":4612,"position":3},"title":"Carefest","author":"Joe","date":"16 de diciembre de 2025","format":false,"excerpt":"CareFest 1 D\u00eda 4 horas M\u00e1s de 1000 voluntarios CareFest significa \u201cser buenos vecinos\u201d. Con el objetivo de construir puentes de amor y compasi\u00f3n en la comunidad, los voluntarios de CareFest de Wheaton Bible Church e Iglesia del Pueblo ofrecen su tiempo y habilidades para proporcionar ayuda pr\u00e1ctica y f\u00edsica\u2026","rel":"","context":"Entrada similar","block_context":{"text":"Entrada similar","link":""},"img":{"alt_text":"","src":"https:\/\/i0.wp.com\/jadams21a1e2cf3a-rhspm.wpcomstaging.com\/wp-content\/uploads\/2025\/11\/CareFest2024.webp?fit=1920%2C1080&ssl=1&resize=350%2C200","width":350,"height":200,"srcset":"https:\/\/i0.wp.com\/jadams21a1e2cf3a-rhspm.wpcomstaging.com\/wp-content\/uploads\/2025\/11\/CareFest2024.webp?fit=1920%2C1080&ssl=1&resize=350%2C200 1x, https:\/\/i0.wp.com\/jadams21a1e2cf3a-rhspm.wpcomstaging.com\/wp-content\/uploads\/2025\/11\/CareFest2024.webp?fit=1920%2C1080&ssl=1&resize=525%2C300 1.5x, https:\/\/i0.wp.com\/jadams21a1e2cf3a-rhspm.wpcomstaging.com\/wp-content\/uploads\/2025\/11\/CareFest2024.webp?fit=1920%2C1080&ssl=1&resize=700%2C400 2x, https:\/\/i0.wp.com\/jadams21a1e2cf3a-rhspm.wpcomstaging.com\/wp-content\/uploads\/2025\/11\/CareFest2024.webp?fit=1920%2C1080&ssl=1&resize=1050%2C600 3x, https:\/\/i0.wp.com\/jadams21a1e2cf3a-rhspm.wpcomstaging.com\/wp-content\/uploads\/2025\/11\/CareFest2024.webp?fit=1920%2C1080&ssl=1&resize=1400%2C800 4x"},"classes":[]},{"id":4641,"url":"https:\/\/wheatonbible.org\/es\/vamos\/","url_meta":{"origin":4612,"position":4},"title":"Vamos","author":"Joe","date":"19 de noviembre de 2025","format":false,"excerpt":"Vamos \u201cVayan\u2026 y hagan disc\u00edpulos de todas las naciones\u2026 y yo estar\u00e9 con ustedes siempre.\u201d Mateo 28:19a, 20bEn el primer libro de la Biblia, Dios revela Su plan de gracia \u201cpara bendecir a todas las familias de la tierra\u201d a trav\u00e9s de los descendientes de Abraham (G\u00e9nesis 12:3). Los Profetas\u2026","rel":"","context":"Entrada similar","block_context":{"text":"Entrada similar","link":""},"img":{"alt_text":"","src":"https:\/\/i0.wp.com\/wheatonbible.org\/wp-content\/uploads\/2026\/02\/Missions-We-Go-2026.jpg?resize=350%2C200&ssl=1","width":350,"height":200,"srcset":"https:\/\/i0.wp.com\/wheatonbible.org\/wp-content\/uploads\/2026\/02\/Missions-We-Go-2026.jpg?resize=350%2C200&ssl=1 1x, https:\/\/i0.wp.com\/wheatonbible.org\/wp-content\/uploads\/2026\/02\/Missions-We-Go-2026.jpg?resize=525%2C300&ssl=1 1.5x"},"classes":[]},{"id":5953,"url":"https:\/\/wheatonbible.org\/es\/puente-del-pueblo\/","url_meta":{"origin":4612,"position":5},"title":"Puente del Pueblo","author":"Joe","date":"16 de diciembre de 2025","format":false,"excerpt":"Puente del Pueblo La misi\u00f3n de Puente del Pueblo es transformar vidas en West Chicago al involucrar a las familias en servicios de manejo de casos, programas de alfabetizaci\u00f3n para adultos, y programas acad\u00e9micos de apoyo para ni\u00f1os y j\u00f3venes. Si tienes un coraz\u00f3n para servir a los vulnerables y\u2026","rel":"","context":"Entrada similar","block_context":{"text":"Entrada similar","link":""},"img":{"alt_text":"","src":"https:\/\/i0.wp.com\/wheatonbible.org\/wp-content\/uploads\/2025\/12\/Puente-Banner.jpg?resize=350%2C200&ssl=1","width":350,"height":200,"srcset":"https:\/\/i0.wp.com\/wheatonbible.org\/wp-content\/uploads\/2025\/12\/Puente-Banner.jpg?resize=350%2C200&ssl=1 1x, https:\/\/i0.wp.com\/wheatonbible.org\/wp-content\/uploads\/2025\/12\/Puente-Banner.jpg?resize=525%2C300&ssl=1 1.5x, https:\/\/i0.wp.com\/wheatonbible.org\/wp-content\/uploads\/2025\/12\/Puente-Banner.jpg?resize=700%2C400&ssl=1 2x, https:\/\/i0.wp.com\/wheatonbible.org\/wp-content\/uploads\/2025\/12\/Puente-Banner.jpg?resize=1050%2C600&ssl=1 3x, https:\/\/i0.wp.com\/wheatonbible.org\/wp-content\/uploads\/2025\/12\/Puente-Banner.jpg?resize=1400%2C800&ssl=1 4x"},"classes":[]}],"_links":{"self":[{"href":"https:\/\/wheatonbible.org\/es\/wp-json\/wp\/v2\/pages\/4612","targetHints":{"allow":["GET"]}}],"collection":[{"href":"https:\/\/wheatonbible.org\/es\/wp-json\/wp\/v2\/pages"}],"about":[{"href":"https:\/\/wheatonbible.org\/es\/wp-json\/wp\/v2\/types\/page"}],"author":[{"embeddable":true,"href":"https:\/\/wheatonbible.org\/es\/wp-json\/wp\/v2\/users\/271840638"}],"replies":[{"embeddable":true,"href":"https:\/\/wheatonbible.org\/es\/wp-json\/wp\/v2\/comments?post=4612"}],"version-history":[{"count":8,"href":"https:\/\/wheatonbible.org\/es\/wp-json\/wp\/v2\/pages\/4612\/revisions"}],"predecessor-version":[{"id":4632,"href":"https:\/\/wheatonbible.org\/es\/wp-json\/wp\/v2\/pages\/4612\/revisions\/4632"}],"wp:attachment":[{"href":"https:\/\/wheatonbible.org\/es\/wp-json\/wp\/v2\/media?parent=4612"}],"curies":[{"name":"wp","href":"https:\/\/api.w.org\/{rel}","templated":true}]}}