{"id":4562,"date":"2025-12-17T11:08:07","date_gmt":"2025-12-17T17:08:07","guid":{"rendered":"https:\/\/wheatonbible.org\/bautismo\/"},"modified":"2026-02-10T10:20:19","modified_gmt":"2026-02-10T16:20:19","slug":"bautismo","status":"publish","type":"page","link":"https:\/\/wheatonbible.org\/es\/bautismo\/","title":{"rendered":"Bautismo"},"content":{"rendered":"\t\t<div data-elementor-type=\"wp-page\" data-elementor-id=\"4562\" class=\"elementor elementor-4562 elementor-3522\" data-elementor-post-type=\"page\">\n\t\t\t\t<div class=\"elementor-element elementor-element-37689c0f e-con-full e-flex e-con e-parent\" data-id=\"37689c0f\" data-element_type=\"container\" data-e-type=\"container\">\n\t\t<div class=\"elementor-element elementor-element-667dd738 e-con-full e-flex e-con e-child\" data-id=\"667dd738\" data-element_type=\"container\" data-e-type=\"container\">\n\t\t\t\t<div class=\"elementor-element elementor-element-728a459c elementor-widget elementor-widget-heading\" data-id=\"728a459c\" data-element_type=\"widget\" data-e-type=\"widget\" data-widget_type=\"heading.default\">\n\t\t\t\t\t<h1 class=\"elementor-heading-title elementor-size-default\">Bautismo<\/h1>\t\t\t\t<\/div>\n\t\t\t\t<div class=\"elementor-element elementor-element-379e4d16 elementor-widget elementor-widget-text-editor\" data-id=\"379e4d16\" data-element_type=\"widget\" data-e-type=\"widget\" data-widget_type=\"text-editor.default\">\n\t\t\t\t\t\t\t\t\t<div class=\"column-item-text-container\"><div class=\"column-item-text\"><p>El bautismo es un s\u00edmbolo externo del arrepentimiento de una persona y una profesi\u00f3n p\u00fablica de fe en Jesucristo. Este es un paso importante en la vida de cada creyente y una alegre celebraci\u00f3n para nosotros como familia de la iglesia.  <\/p><p>Aqu\u00ed en Iglesia del Pueblo nuestro deseo es que todos los que han profesado su fe en Jes\u00fas, pero no han sido bautizados, den este siguiente paso. <\/p><p> <\/p><\/div><\/div>\t\t\t\t\t\t\t\t<\/div>\n\t\t\t\t<\/div>\n\t\t<div class=\"elementor-element elementor-element-57a1d49c e-con-full e-flex e-con e-child\" data-id=\"57a1d49c\" data-element_type=\"container\" data-e-type=\"container\">\n\t\t\t\t<div class=\"elementor-element elementor-element-664f0df7 elementor-widget elementor-widget-image\" data-id=\"664f0df7\" data-element_type=\"widget\" data-e-type=\"widget\" data-widget_type=\"image.default\">\n\t\t\t\t\t\t\t\t\t\t\t\t\t\t\t<img fetchpriority=\"high\" decoding=\"async\" data-attachment-id=\"4204\" data-permalink=\"https:\/\/wheatonbible.org\/es\/baptism-2-2\/\" data-orig-file=\"https:\/\/i0.wp.com\/wheatonbible.org\/wp-content\/uploads\/2025\/10\/baptism-2.jpg?fit=600%2C400&amp;ssl=1\" data-orig-size=\"600,400\" data-comments-opened=\"1\" data-image-meta=\"{&quot;aperture&quot;:&quot;0&quot;,&quot;credit&quot;:&quot;&quot;,&quot;camera&quot;:&quot;&quot;,&quot;caption&quot;:&quot;&quot;,&quot;created_timestamp&quot;:&quot;0&quot;,&quot;copyright&quot;:&quot;&quot;,&quot;focal_length&quot;:&quot;0&quot;,&quot;iso&quot;:&quot;0&quot;,&quot;shutter_speed&quot;:&quot;0&quot;,&quot;title&quot;:&quot;&quot;,&quot;orientation&quot;:&quot;0&quot;}\" data-image-title=\"Baptism-2\" data-image-description=\"\" data-image-caption=\"\" data-large-file=\"https:\/\/i0.wp.com\/wheatonbible.org\/wp-content\/uploads\/2025\/10\/baptism-2.jpg?fit=600%2C400&amp;ssl=1\" width=\"600\" height=\"400\" src=\"https:\/\/i0.wp.com\/wheatonbible.org\/wp-content\/uploads\/2025\/10\/baptism-2.jpg?fit=600%2C400&amp;ssl=1\" class=\"attachment-full size-full wp-image-4204\" alt=\"\" data-attachment-id=\"4204\" data-permalink=\"https:\/\/wheatonbible.org\/es\/baptism-2-2\/\" data-orig-file=\"https:\/\/i0.wp.com\/wheatonbible.org\/wp-content\/uploads\/2025\/10\/baptism-2.jpg?fit=600%2C400&amp;ssl=1\" data-orig-size=\"600,400\" data-comments-opened=\"1\" data-image-meta=\"{&quot;aperture&quot;:&quot;0&quot;,&quot;credit&quot;:&quot;&quot;,&quot;camera&quot;:&quot;&quot;,&quot;caption&quot;:&quot;&quot;,&quot;created_timestamp&quot;:&quot;0&quot;,&quot;copyright&quot;:&quot;&quot;,&quot;focal_length&quot;:&quot;0&quot;,&quot;iso&quot;:&quot;0&quot;,&quot;shutter_speed&quot;:&quot;0&quot;,&quot;title&quot;:&quot;&quot;,&quot;orientation&quot;:&quot;0&quot;}\" data-image-title=\"Baptism-2\" data-image-description=\"\" data-image-caption=\"\" data-large-file=\"https:\/\/i0.wp.com\/wheatonbible.org\/wp-content\/uploads\/2025\/10\/baptism-2.jpg?fit=600%2C400&amp;ssl=1\" \/>\t\t\t\t\t\t\t\t\t\t\t\t\t\t\t<\/div>\n\t\t\t\t<\/div>\n\t\t\t\t<\/div>\n\t\t<div class=\"elementor-element elementor-element-1855989 e-con-full e-flex e-con e-parent\" data-id=\"1855989\" data-element_type=\"container\" data-e-type=\"container\">\n\t\t<div class=\"elementor-element elementor-element-3ba4d1b e-con-full e-flex e-con e-child\" data-id=\"3ba4d1b\" data-element_type=\"container\" data-e-type=\"container\">\n\t\t\t\t<div class=\"elementor-element elementor-element-a6e3f7c elementor-widget elementor-widget-video\" data-id=\"a6e3f7c\" data-element_type=\"widget\" data-e-type=\"widget\" data-settings=\"{&quot;youtube_url&quot;:&quot;https:\\\/\\\/www.youtube.com\\\/watch?v=rIZpbrxMxos&amp;embeds_referring_euri=https%3A%2F%2Fwww.wheatonbible.org%2F&amp;source_ve_path=Mjg2NjY&quot;,&quot;video_type&quot;:&quot;youtube&quot;,&quot;controls&quot;:&quot;yes&quot;}\" data-widget_type=\"video.default\">\n\t\t\t\t\t\t\t<div class=\"elementor-wrapper elementor-open-inline\">\n\t\t\t<div class=\"elementor-video\"><\/div>\t\t<\/div>\n\t\t\t\t\t\t<\/div>\n\t\t\t\t<\/div>\n\t\t<div class=\"elementor-element elementor-element-2dd6797 e-con-full e-flex e-con e-child\" data-id=\"2dd6797\" data-element_type=\"container\" data-e-type=\"container\">\n\t\t\t\t<div class=\"elementor-element elementor-element-8361f0a elementor-widget elementor-widget-heading\" data-id=\"8361f0a\" data-element_type=\"widget\" data-e-type=\"widget\" data-widget_type=\"heading.default\">\n\t\t\t\t\t<h4 class=\"elementor-heading-title elementor-size-default\">Pr\u00f3xima Clase de Bautismo: Febrero 15<\/h4>\t\t\t\t<\/div>\n\t\t\t\t<div class=\"elementor-element elementor-element-02199a7 elementor-widget elementor-widget-text-editor\" data-id=\"02199a7\" data-element_type=\"widget\" data-e-type=\"widget\" data-widget_type=\"text-editor.default\">\n\t\t\t\t\t\t\t\t\t<p>Las clases se ofrecer\u00e1n en ingl\u00e9s y espa\u00f1ol para ni\u00f1os, estudiantes y adulto. Estas clases ser\u00e1n dadas en dos partes y cubrir\u00e1n la misma comprensi\u00f3n fundamental del Evangelio, el Bautismo y la Comuni\u00f3n, pero tendr\u00e1n un enfoque apropiado para cada edad. Las clases para ni\u00f1os y estudiantes est\u00e1n dise\u00f1adas para proporcionar una ense\u00f1anza que estimula la discusi\u00f3n espiritual entre los ni\u00f1os y los padres, tanto en la clase como en casa durante la semana. Ni\u00f1os de segundo a octavo grado deber\u00e1n ser acompa\u00f1ados por sus padres a esta clase.    <\/p>\t\t\t\t\t\t\t\t<\/div>\n\t\t\t\t<div class=\"elementor-element elementor-element-5fc3987a elementor-widget elementor-widget-button\" data-id=\"5fc3987a\" data-element_type=\"widget\" data-e-type=\"widget\" data-widget_type=\"button.default\">\n\t\t\t\t\t\t\t\t\t\t<a class=\"elementor-button elementor-size-sm\" role=\"button\">\n\t\t\t\t\t\t<span class=\"elementor-button-content-wrapper\">\n\t\t\t\t\t\t\t\t\t<span class=\"elementor-button-text\">Reg\u00edstrate<\/span>\n\t\t\t\t\t<\/span>\n\t\t\t\t\t<\/a>\n\t\t\t\t\t\t\t\t<\/div>\n\t\t\t\t<\/div>\n\t\t\t\t<\/div>\n\t\t\t\t<\/div>\n\t\t","protected":false},"excerpt":{"rendered":"<p>Bautismo El bautismo es un s\u00edmbolo externo del arrepentimiento de una persona y una profesi\u00f3n p\u00fablica de fe en Jesucristo. Este es un paso importante en la vida de cada [&hellip;]<\/p>\n","protected":false},"author":271840638,"featured_media":0,"parent":0,"menu_order":0,"comment_status":"closed","ping_status":"closed","template":"","meta":{"_crdt_document":"","advanced_seo_description":"","jetpack_seo_html_title":"","jetpack_seo_noindex":false,"footnotes":""},"class_list":["post-4562","page","type-page","status-publish","hentry"],"jetpack_likes_enabled":true,"jetpack_sharing_enabled":true,"jetpack_shortlink":"https:\/\/wp.me\/PgPBZS-1bA","jetpack-related-posts":[{"id":5813,"url":"https:\/\/wheatonbible.org\/es\/next-steps\/","url_meta":{"origin":4562,"position":0},"title":"Pr\u00f3ximos Pasos","author":"Joe","date":"12 de noviembre de 2025","format":false,"excerpt":"Pr\u00f3ximos Pasos Descubre tus pr\u00f3ximos pasos para seguir a Jes\u00fas: a trav\u00e9s del bautismo, la membres\u00eda de la iglesia y servir a los dem\u00e1s. Alpha (Ingl\u00e9s) Explora los fundamentos de la fe cristiana Bautismo Haz tu declaraci\u00f3n p\u00fablica de fe Membres\u00eda \u00danete a la \u201cfamilia\u201d de la iglesia como miembro\u2026","rel":"","context":"Entrada similar","block_context":{"text":"Entrada similar","link":""},"img":{"alt_text":"","src":"","width":0,"height":0},"classes":[]},{"id":5211,"url":"https:\/\/wheatonbible.org\/es\/kids-life\/","url_meta":{"origin":4562,"position":1},"title":"Kids&#8217; Life","author":"Joe","date":"20 de noviembre de 2025","format":false,"excerpt":"Kids' Life Amamos a los ni\u00f1os y creemos que son una parte importante de nuestra familia de la iglesia. Los ni\u00f1os no son solo el futuro; son una parte vital de la iglesia hoy. Como padres, ustedes son los principales influenciadores en la vida y en la fe de sus\u2026","rel":"","context":"Entrada similar","block_context":{"text":"Entrada similar","link":""},"img":{"alt_text":"","src":"https:\/\/i0.wp.com\/wheatonbible.org\/wp-content\/uploads\/2025\/12\/Kids-Life-WBC-34.jpg?resize=350%2C200&ssl=1","width":350,"height":200,"srcset":"https:\/\/i0.wp.com\/wheatonbible.org\/wp-content\/uploads\/2025\/12\/Kids-Life-WBC-34.jpg?resize=350%2C200&ssl=1 1x, https:\/\/i0.wp.com\/wheatonbible.org\/wp-content\/uploads\/2025\/12\/Kids-Life-WBC-34.jpg?resize=525%2C300&ssl=1 1.5x, https:\/\/i0.wp.com\/wheatonbible.org\/wp-content\/uploads\/2025\/12\/Kids-Life-WBC-34.jpg?resize=700%2C400&ssl=1 2x, https:\/\/i0.wp.com\/wheatonbible.org\/wp-content\/uploads\/2025\/12\/Kids-Life-WBC-34.jpg?resize=1050%2C600&ssl=1 3x, https:\/\/i0.wp.com\/wheatonbible.org\/wp-content\/uploads\/2025\/12\/Kids-Life-WBC-34.jpg?resize=1400%2C800&ssl=1 4x"},"classes":[]},{"id":4207,"url":"https:\/\/wheatonbible.org\/es\/","url_meta":{"origin":4562,"position":2},"title":"Home","author":"Joe","date":"29 de octubre de 2025","format":false,"excerpt":"Iglesia del Pueblo Domingos 12:15 pm | 8:45 am (Ingl\u00e9s) | 10:30 am (Ingl\u00e9s) Amar a Dios | Amarnos Unos a Otros | Amar a Nuetro Pr\u00f3jimo | Amar a las Naciones Ver Dar \u00a1Nos alegra que est\u00e9s aqu\u00ed! Serie de Mensajes: Est\u00e9n Firmes Acomp\u00e1\u00f1anos en este recorrido por los\u2026","rel":"","context":"Entrada similar","block_context":{"text":"Entrada similar","link":""},"img":{"alt_text":"","src":"https:\/\/i0.wp.com\/wheatonbible.org\/wp-content\/uploads\/2025\/09\/homepage-header.webp?fit=1200%2C675&ssl=1&resize=350%2C200","width":350,"height":200,"srcset":"https:\/\/i0.wp.com\/wheatonbible.org\/wp-content\/uploads\/2025\/09\/homepage-header.webp?fit=1200%2C675&ssl=1&resize=350%2C200 1x, https:\/\/i0.wp.com\/wheatonbible.org\/wp-content\/uploads\/2025\/09\/homepage-header.webp?fit=1200%2C675&ssl=1&resize=525%2C300 1.5x, https:\/\/i0.wp.com\/wheatonbible.org\/wp-content\/uploads\/2025\/09\/homepage-header.webp?fit=1200%2C675&ssl=1&resize=700%2C400 2x, https:\/\/i0.wp.com\/wheatonbible.org\/wp-content\/uploads\/2025\/09\/homepage-header.webp?fit=1200%2C675&ssl=1&resize=1050%2C600 3x"},"classes":[]},{"id":5049,"url":"https:\/\/wheatonbible.org\/es\/creencias-valores\/","url_meta":{"origin":4562,"position":3},"title":"Creencias &amp; Valores","author":"Joe","date":"2 de diciembre de 2025","format":false,"excerpt":"Creencias & Valores A Iglesia del Pueblo Creemos... Dios nos ha llamado a ser una Iglesia del Gran Mandamiento y la Gran Comisi\u00f3n. Somos una iglesia que est\u00e1 en el mundo pero no es del mundo. Una iglesia que busca ser fiel y fruct\u00edfera. Una Iglesia que ama de palabra\u2026","rel":"","context":"Entrada similar","block_context":{"text":"Entrada similar","link":""},"img":{"alt_text":"","src":"https:\/\/i0.wp.com\/jadams21a1e2cf3a-rhspm.wpcomstaging.com\/wp-content\/uploads\/2025\/09\/homepage-header.webp?fit=800%2C450&ssl=1&resize=350%2C200","width":350,"height":200,"srcset":"https:\/\/i0.wp.com\/jadams21a1e2cf3a-rhspm.wpcomstaging.com\/wp-content\/uploads\/2025\/09\/homepage-header.webp?fit=800%2C450&ssl=1&resize=350%2C200 1x, https:\/\/i0.wp.com\/jadams21a1e2cf3a-rhspm.wpcomstaging.com\/wp-content\/uploads\/2025\/09\/homepage-header.webp?fit=800%2C450&ssl=1&resize=525%2C300 1.5x, https:\/\/i0.wp.com\/jadams21a1e2cf3a-rhspm.wpcomstaging.com\/wp-content\/uploads\/2025\/09\/homepage-header.webp?fit=800%2C450&ssl=1&resize=700%2C400 2x"},"classes":[]},{"id":4641,"url":"https:\/\/wheatonbible.org\/es\/vamos\/","url_meta":{"origin":4562,"position":4},"title":"Vamos","author":"Joe","date":"19 de noviembre de 2025","format":false,"excerpt":"Vamos \u201cVayan\u2026 y hagan disc\u00edpulos de todas las naciones\u2026 y yo estar\u00e9 con ustedes siempre.\u201d Mateo 28:19a, 20bEn el primer libro de la Biblia, Dios revela Su plan de gracia \u201cpara bendecir a todas las familias de la tierra\u201d a trav\u00e9s de los descendientes de Abraham (G\u00e9nesis 12:3). Los Profetas\u2026","rel":"","context":"Entrada similar","block_context":{"text":"Entrada similar","link":""},"img":{"alt_text":"","src":"https:\/\/i0.wp.com\/wheatonbible.org\/wp-content\/uploads\/2026\/02\/Missions-We-Go-2026.jpg?resize=350%2C200&ssl=1","width":350,"height":200,"srcset":"https:\/\/i0.wp.com\/wheatonbible.org\/wp-content\/uploads\/2026\/02\/Missions-We-Go-2026.jpg?resize=350%2C200&ssl=1 1x, https:\/\/i0.wp.com\/wheatonbible.org\/wp-content\/uploads\/2026\/02\/Missions-We-Go-2026.jpg?resize=525%2C300&ssl=1 1.5x"},"classes":[]},{"id":4646,"url":"https:\/\/wheatonbible.org\/es\/nos-aliamos\/","url_meta":{"origin":4562,"position":5},"title":"Nos Aliamos","author":"Joe","date":"9 de diciembre de 2025","format":false,"excerpt":"Nos Aliamos Yo plant\u00e9, Apolos reg\u00f3, pero Dios ha dado el crecimiento\u2026 Porque nosotros somos colaboradores en la labor de Dios. 1 Corintios 3:6, 9a L\u00edderes Estrat\u00e9gicos Nacionales de WBC From the beginning, Wheaton Bible has been a SENDING church.Desde el principio, Wheaton Bible ha sido una iglesia que ENV\u00cdA,\u2026","rel":"","context":"Entrada similar","block_context":{"text":"Entrada similar","link":""},"img":{"alt_text":"","src":"https:\/\/i0.wp.com\/jadams21a1e2cf3a-rhspm.wpcomstaging.com\/wp-content\/uploads\/2025\/12\/We-Partner.jpg?fit=800%2C300&ssl=1&resize=350%2C200","width":350,"height":200,"srcset":"https:\/\/i0.wp.com\/jadams21a1e2cf3a-rhspm.wpcomstaging.com\/wp-content\/uploads\/2025\/12\/We-Partner.jpg?fit=800%2C300&ssl=1&resize=350%2C200 1x, https:\/\/i0.wp.com\/jadams21a1e2cf3a-rhspm.wpcomstaging.com\/wp-content\/uploads\/2025\/12\/We-Partner.jpg?fit=800%2C300&ssl=1&resize=525%2C300 1.5x, https:\/\/i0.wp.com\/jadams21a1e2cf3a-rhspm.wpcomstaging.com\/wp-content\/uploads\/2025\/12\/We-Partner.jpg?fit=800%2C300&ssl=1&resize=700%2C400 2x"},"classes":[]}],"_links":{"self":[{"href":"https:\/\/wheatonbible.org\/es\/wp-json\/wp\/v2\/pages\/4562","targetHints":{"allow":["GET"]}}],"collection":[{"href":"https:\/\/wheatonbible.org\/es\/wp-json\/wp\/v2\/pages"}],"about":[{"href":"https:\/\/wheatonbible.org\/es\/wp-json\/wp\/v2\/types\/page"}],"author":[{"embeddable":true,"href":"https:\/\/wheatonbible.org\/es\/wp-json\/wp\/v2\/users\/271840638"}],"replies":[{"embeddable":true,"href":"https:\/\/wheatonbible.org\/es\/wp-json\/wp\/v2\/comments?post=4562"}],"version-history":[{"count":3,"href":"https:\/\/wheatonbible.org\/es\/wp-json\/wp\/v2\/pages\/4562\/revisions"}],"predecessor-version":[{"id":4572,"href":"https:\/\/wheatonbible.org\/es\/wp-json\/wp\/v2\/pages\/4562\/revisions\/4572"}],"wp:attachment":[{"href":"https:\/\/wheatonbible.org\/es\/wp-json\/wp\/v2\/media?parent=4562"}],"curies":[{"name":"wp","href":"https:\/\/api.w.org\/{rel}","templated":true}]}}