{"id":3148,"date":"2025-12-15T11:18:12","date_gmt":"2025-12-15T17:18:12","guid":{"rendered":"https:\/\/wheatonbible.org\/?page_id=3148"},"modified":"2026-04-27T10:41:01","modified_gmt":"2026-04-27T15:41:01","slug":"seniors","status":"publish","type":"page","link":"https:\/\/wheatonbible.org\/es\/seniors\/","title":{"rendered":"Seniors"},"content":{"rendered":"\t\t<div data-elementor-type=\"wp-page\" data-elementor-id=\"3148\" class=\"elementor elementor-3148\" data-elementor-post-type=\"page\">\n\t\t\t\t<div class=\"elementor-element elementor-element-74297ab8 e-con-full e-flex e-con e-parent\" data-id=\"74297ab8\" data-element_type=\"container\" data-e-type=\"container\">\n\t\t<div class=\"elementor-element elementor-element-6d774067 e-con-full e-flex e-con e-child\" data-id=\"6d774067\" data-element_type=\"container\" data-e-type=\"container\">\n\t\t\t\t<div class=\"elementor-element elementor-element-24b83e36 elementor-widget elementor-widget-heading\" data-id=\"24b83e36\" data-element_type=\"widget\" data-e-type=\"widget\" data-widget_type=\"heading.default\">\n\t\t\t\t\t<h1 class=\"elementor-heading-title elementor-size-default\">Seniors<\/h1>\t\t\t\t<\/div>\n\t\t\t\t<div class=\"elementor-element elementor-element-5b4b6963 elementor-widget elementor-widget-text-editor\" data-id=\"5b4b6963\" data-element_type=\"widget\" data-e-type=\"widget\" data-widget_type=\"text-editor.default\">\n\t\t\t\t\t\t\t\t\t<p>Our Senior Ministries are designed to help maturing adults grow in Christ and build meaningful community through Scripture, fellowship, and shared life together. Whether you\u2019re looking for a weekly Bible study or an evening to connect with friends, you\u2019ll find welcoming spaces to learn, be encouraged, and live out the gospel in community at Wheaton Bible Church.<\/p>\t\t\t\t\t\t\t\t<\/div>\n\t\t\t\t<\/div>\n\t\t<div class=\"elementor-element elementor-element-4cbb4033 e-con-full e-flex e-con e-child\" data-id=\"4cbb4033\" data-element_type=\"container\" data-e-type=\"container\">\n\t\t\t\t<div class=\"elementor-element elementor-element-3e3df999 elementor-widget elementor-widget-image\" data-id=\"3e3df999\" data-element_type=\"widget\" data-e-type=\"widget\" data-widget_type=\"image.default\">\n\t\t\t\t\t\t\t\t\t\t\t\t\t\t\t<img fetchpriority=\"high\" decoding=\"async\" width=\"2500\" height=\"1668\" src=\"https:\/\/i0.wp.com\/wheatonbible.org\/wp-content\/uploads\/2025\/12\/Senior_HopeForWorld__Web-_DSC2624-Enhanced-NR.jpg?fit=2500%2C1668&amp;ssl=1\" class=\"attachment-full size-full wp-image-3160\" alt=\"\" srcset=\"https:\/\/i0.wp.com\/wheatonbible.org\/wp-content\/uploads\/2025\/12\/Senior_HopeForWorld__Web-_DSC2624-Enhanced-NR.jpg?w=2500&amp;ssl=1 2500w, https:\/\/i0.wp.com\/wheatonbible.org\/wp-content\/uploads\/2025\/12\/Senior_HopeForWorld__Web-_DSC2624-Enhanced-NR.jpg?resize=300%2C200&amp;ssl=1 300w, https:\/\/i0.wp.com\/wheatonbible.org\/wp-content\/uploads\/2025\/12\/Senior_HopeForWorld__Web-_DSC2624-Enhanced-NR.jpg?resize=1024%2C683&amp;ssl=1 1024w, https:\/\/i0.wp.com\/wheatonbible.org\/wp-content\/uploads\/2025\/12\/Senior_HopeForWorld__Web-_DSC2624-Enhanced-NR.jpg?resize=768%2C512&amp;ssl=1 768w, https:\/\/i0.wp.com\/wheatonbible.org\/wp-content\/uploads\/2025\/12\/Senior_HopeForWorld__Web-_DSC2624-Enhanced-NR.jpg?resize=1536%2C1025&amp;ssl=1 1536w, https:\/\/i0.wp.com\/wheatonbible.org\/wp-content\/uploads\/2025\/12\/Senior_HopeForWorld__Web-_DSC2624-Enhanced-NR.jpg?resize=2048%2C1366&amp;ssl=1 2048w, https:\/\/i0.wp.com\/wheatonbible.org\/wp-content\/uploads\/2025\/12\/Senior_HopeForWorld__Web-_DSC2624-Enhanced-NR.jpg?w=1600&amp;ssl=1 1600w, https:\/\/i0.wp.com\/wheatonbible.org\/wp-content\/uploads\/2025\/12\/Senior_HopeForWorld__Web-_DSC2624-Enhanced-NR.jpg?w=2400&amp;ssl=1 2400w\" sizes=\"(max-width: 800px) 100vw, 800px\" data-attachment-id=\"3160\" data-permalink=\"https:\/\/wheatonbible.org\/seniors\/senior_hopeforworld__web-_dsc2624-enhanced-nr-2\/\" data-orig-file=\"https:\/\/i0.wp.com\/wheatonbible.org\/wp-content\/uploads\/2025\/12\/Senior_HopeForWorld__Web-_DSC2624-Enhanced-NR.jpg?fit=2500%2C1668&amp;ssl=1\" data-orig-size=\"2500,1668\" data-comments-opened=\"1\" data-image-meta=\"{&quot;aperture&quot;:&quot;0&quot;,&quot;credit&quot;:&quot;Justin Braase&quot;,&quot;camera&quot;:&quot;ILCE-7RM2&quot;,&quot;caption&quot;:&quot;&quot;,&quot;created_timestamp&quot;:&quot;1702065393&quot;,&quot;copyright&quot;:&quot;Wheaton Bible Church&quot;,&quot;focal_length&quot;:&quot;0&quot;,&quot;iso&quot;:&quot;800&quot;,&quot;shutter_speed&quot;:&quot;0.016666666666667&quot;,&quot;title&quot;:&quot;&quot;,&quot;orientation&quot;:&quot;0&quot;}\" data-image-title=\"Senior_HopeForWorld__Web-_DSC2624-Enhanced-NR\" data-image-description=\"\" data-image-caption=\"\" data-large-file=\"https:\/\/i0.wp.com\/wheatonbible.org\/wp-content\/uploads\/2025\/12\/Senior_HopeForWorld__Web-_DSC2624-Enhanced-NR.jpg?fit=800%2C534&amp;ssl=1\" \/>\t\t\t\t\t\t\t\t\t\t\t\t\t\t\t<\/div>\n\t\t\t\t<\/div>\n\t\t\t\t<\/div>\n\t\t<div class=\"elementor-element elementor-element-b24cc77 e-con-full e-flex e-con e-parent\" data-id=\"b24cc77\" data-element_type=\"container\" data-e-type=\"container\">\n\t\t\t\t<div class=\"elementor-element elementor-element-bfd2013 elementor-widget-divider--view-line elementor-widget elementor-widget-divider\" data-id=\"bfd2013\" data-element_type=\"widget\" data-e-type=\"widget\" data-widget_type=\"divider.default\">\n\t\t\t\t\t\t\t<div class=\"elementor-divider\">\n\t\t\t<span class=\"elementor-divider-separator\">\n\t\t\t\t\t\t<\/span>\n\t\t<\/div>\n\t\t\t\t\t\t<\/div>\n\t\t\t\t<div class=\"elementor-element elementor-element-f550e4f elementor-widget elementor-widget-heading\" data-id=\"f550e4f\" data-element_type=\"widget\" data-e-type=\"widget\" data-widget_type=\"heading.default\">\n\t\t\t\t\t<h3 class=\"elementor-heading-title elementor-size-default\">Connect and Grow<\/h3>\t\t\t\t<\/div>\n\t\t\t\t<\/div>\n\t\t<div class=\"elementor-element elementor-element-6a614dd2 e-con-full e-flex e-con e-parent\" data-id=\"6a614dd2\" data-element_type=\"container\" data-e-type=\"container\">\n\t\t<a class=\"elementor-element elementor-element-46b6eaf7 e-con-full e-flex e-con e-child\" data-id=\"46b6eaf7\" data-element_type=\"container\" data-e-type=\"container\" data-settings=\"{&quot;background_background&quot;:&quot;classic&quot;}\" href=\"#elementor-action%3Aaction%3Dpopup%3Aopen%26settings%3DeyJpZCI6MTI3MywidG9nZ2xlIjpmYWxzZX0%3D\">\n\t\t\t\t<div class=\"elementor-element elementor-element-423a03d7 elementor-widget elementor-widget-heading\" data-id=\"423a03d7\" data-element_type=\"widget\" data-e-type=\"widget\" data-widget_type=\"heading.default\">\n\t\t\t\t\t<h2 class=\"elementor-heading-title elementor-size-default\">Senior Men's Bible Study<\/h2>\t\t\t\t<\/div>\n\t\t\t\t<div class=\"elementor-element elementor-element-7ff7f839 elementor-widget elementor-widget-text-editor\" data-id=\"7ff7f839\" data-element_type=\"widget\" data-e-type=\"widget\" data-widget_type=\"text-editor.default\">\n\t\t\t\t\t\t\t\t\t<p>Thursday Morning<\/p>\t\t\t\t\t\t\t\t<\/div>\n\t\t\t\t<\/a>\n\t\t<a class=\"elementor-element elementor-element-12387f9 e-con-full e-flex e-con e-child\" data-id=\"12387f9\" data-element_type=\"container\" data-e-type=\"container\" data-settings=\"{&quot;background_background&quot;:&quot;classic&quot;}\" href=\"#elementor-action%3Aaction%3Dpopup%3Aopen%26settings%3DeyJpZCI6MzE1MywidG9nZ2xlIjpmYWxzZX0%3D\">\n\t\t\t\t<div class=\"elementor-element elementor-element-44bddc87 elementor-widget elementor-widget-heading\" data-id=\"44bddc87\" data-element_type=\"widget\" data-e-type=\"widget\" data-widget_type=\"heading.default\">\n\t\t\t\t\t<h2 class=\"elementor-heading-title elementor-size-default\">Women of Faith 55+<\/h2>\t\t\t\t<\/div>\n\t\t\t\t<div class=\"elementor-element elementor-element-6053c291 elementor-widget elementor-widget-text-editor\" data-id=\"6053c291\" data-element_type=\"widget\" data-e-type=\"widget\" data-widget_type=\"text-editor.default\">\n\t\t\t\t\t\t\t\t\t<p>Thursday Morning<\/p>\t\t\t\t\t\t\t\t<\/div>\n\t\t\t\t<\/a>\n\t\t\t\t<\/div>\n\t\t<div class=\"elementor-element elementor-element-511f9a7 e-con-full e-flex e-con e-parent\" data-id=\"511f9a7\" data-element_type=\"container\" data-e-type=\"container\">\n\t\t\t\t<div class=\"elementor-element elementor-element-dda80b1 elementor-widget elementor-widget-heading\" data-id=\"dda80b1\" data-element_type=\"widget\" data-e-type=\"widget\" data-widget_type=\"heading.default\">\n\t\t\t\t\t<h3 class=\"elementor-heading-title elementor-size-default\">Prime Time Events<\/h3>\t\t\t\t<\/div>\n\t\t<div class=\"elementor-element elementor-element-14aee3e e-con-full e-flex e-con e-child\" data-id=\"14aee3e\" data-element_type=\"container\" data-e-type=\"container\">\n\t\t\t\t<div class=\"elementor-element elementor-element-a42d952 elementor-grid-3 elementor-grid-tablet-2 elementor-grid-mobile-1 elementor-widget elementor-widget-loop-grid\" data-id=\"a42d952\" data-element_type=\"widget\" data-e-type=\"widget\" data-settings=\"{&quot;template_id&quot;:1367,&quot;_skin&quot;:&quot;post&quot;,&quot;columns&quot;:&quot;3&quot;,&quot;columns_tablet&quot;:&quot;2&quot;,&quot;columns_mobile&quot;:&quot;1&quot;,&quot;edit_handle_selector&quot;:&quot;[data-elementor-type=\\&quot;loop-item\\&quot;]&quot;,&quot;row_gap&quot;:{&quot;unit&quot;:&quot;px&quot;,&quot;size&quot;:&quot;&quot;,&quot;sizes&quot;:[]},&quot;row_gap_tablet&quot;:{&quot;unit&quot;:&quot;px&quot;,&quot;size&quot;:&quot;&quot;,&quot;sizes&quot;:[]},&quot;row_gap_mobile&quot;:{&quot;unit&quot;:&quot;px&quot;,&quot;size&quot;:&quot;&quot;,&quot;sizes&quot;:[]}}\" data-widget_type=\"loop-grid.post\">\n\t\t\t\t<div class=\"elementor-widget-container\">\n\t\t\t\t\t\t\t<div class=\"e-loop-nothing-found-message\">\n\t\t\t\t\t<div class=\"e-loop-nothing-found-message__text\">\n\t\t\t\tThere are currently no upcoming events.\t\t\t<\/div>\n\t\t\t<\/div>\n\t\t\t\t\t\t<\/div>\n\t\t\t\t<\/div>\n\t\t\t\t<\/div>\n\t\t\t\t<\/div>\n\t\t\t\t<\/div>\n\t\t","protected":false},"excerpt":{"rendered":"<p>Seniors Our Senior Ministries are designed to help maturing adults grow in Christ and build meaningful community through Scripture, fellowship, and shared life together. Whether you\u2019re looking for a weekly [&hellip;]<\/p>\n","protected":false},"author":271840638,"featured_media":3160,"parent":0,"menu_order":0,"comment_status":"closed","ping_status":"closed","template":"","meta":{"_crdt_document":"","advanced_seo_description":"","jetpack_seo_html_title":"","jetpack_seo_noindex":false,"footnotes":""},"class_list":["post-3148","page","type-page","status-publish","has-post-thumbnail","hentry"],"jetpack_likes_enabled":true,"jetpack_sharing_enabled":true,"jetpack_shortlink":"https:\/\/wp.me\/PgPBZS-OM","jetpack-related-posts":[{"id":146,"url":"https:\/\/wheatonbible.org\/men\/","url_meta":{"origin":3148,"position":0},"title":"Men","author":"Joe","date":"7 de octubre de 2025","format":false,"excerpt":"Men's Ministries Men's Ministry at WBC is committed to providing discipleship opportunities for men\u2014as we endeavor to become more like Christ. Through Bible study, prayer, and personal interaction with other men, we are committed to making a spiritual impact in our families, communities, and beyond.Whether you\u2019re married, single, starting your\u2026","rel":"","context":"Entrada similar","block_context":{"text":"Entrada similar","link":""},"img":{"alt_text":"","src":"https:\/\/i0.wp.com\/wheatonbible.org\/wp-content\/uploads\/2025\/10\/menshuddle_2048px-45.webp?fit=1200%2C801&ssl=1&resize=350%2C200","width":350,"height":200,"srcset":"https:\/\/i0.wp.com\/wheatonbible.org\/wp-content\/uploads\/2025\/10\/menshuddle_2048px-45.webp?fit=1200%2C801&ssl=1&resize=350%2C200 1x, https:\/\/i0.wp.com\/wheatonbible.org\/wp-content\/uploads\/2025\/10\/menshuddle_2048px-45.webp?fit=1200%2C801&ssl=1&resize=525%2C300 1.5x, https:\/\/i0.wp.com\/wheatonbible.org\/wp-content\/uploads\/2025\/10\/menshuddle_2048px-45.webp?fit=1200%2C801&ssl=1&resize=700%2C400 2x, https:\/\/i0.wp.com\/wheatonbible.org\/wp-content\/uploads\/2025\/10\/menshuddle_2048px-45.webp?fit=1200%2C801&ssl=1&resize=1050%2C600 3x"},"classes":[]},{"id":467,"url":"https:\/\/wheatonbible.org\/ministries\/","url_meta":{"origin":3148,"position":1},"title":"Our Ministries","author":"Joe","date":"11 de noviembre de 2025","format":false,"excerpt":"Welcome to Community We are so glad you\u2019re looking to connect at Wheaton Bible Church! Discipleship, at its core, is following Jesusand helping others to trust and follow Jesus. We do this by trusting in the Gospel, being transformed by the Gospel, living out the Gospel in community, proclaiming the\u2026","rel":"","context":"Entrada similar","block_context":{"text":"Entrada similar","link":""},"img":{"alt_text":"","src":"https:\/\/i0.wp.com\/wheatonbible.org\/wp-content\/uploads\/2025\/10\/wbc-logo-cross.webp?fit=800%2C800&ssl=1&resize=350%2C200","width":350,"height":200,"srcset":"https:\/\/i0.wp.com\/wheatonbible.org\/wp-content\/uploads\/2025\/10\/wbc-logo-cross.webp?fit=800%2C800&ssl=1&resize=350%2C200 1x, https:\/\/i0.wp.com\/wheatonbible.org\/wp-content\/uploads\/2025\/10\/wbc-logo-cross.webp?fit=800%2C800&ssl=1&resize=525%2C300 1.5x, https:\/\/i0.wp.com\/wheatonbible.org\/wp-content\/uploads\/2025\/10\/wbc-logo-cross.webp?fit=800%2C800&ssl=1&resize=700%2C400 2x"},"classes":[]},{"id":2069,"url":"https:\/\/wheatonbible.org\/about\/","url_meta":{"origin":3148,"position":2},"title":"About","author":"Joe","date":"25 de noviembre de 2025","format":false,"excerpt":"About Wheaton Bible Church We are a family of people of different backgrounds, stories, cultures, traditions, generations, and ethnicities united by the power of the Gospel. We exist to glorify God by making disciples who make disciples who love God, love one another, love our neighbors, and love the nations.\u2026","rel":"","context":"Entrada similar","block_context":{"text":"Entrada similar","link":""},"img":{"alt_text":"","src":"https:\/\/i0.wp.com\/wheatonbible.org\/wp-content\/uploads\/2025\/11\/WestChicago-3456-1.jpg?fit=1200%2C514&ssl=1&resize=350%2C200","width":350,"height":200,"srcset":"https:\/\/i0.wp.com\/wheatonbible.org\/wp-content\/uploads\/2025\/11\/WestChicago-3456-1.jpg?fit=1200%2C514&ssl=1&resize=350%2C200 1x, https:\/\/i0.wp.com\/wheatonbible.org\/wp-content\/uploads\/2025\/11\/WestChicago-3456-1.jpg?fit=1200%2C514&ssl=1&resize=525%2C300 1.5x, https:\/\/i0.wp.com\/wheatonbible.org\/wp-content\/uploads\/2025\/11\/WestChicago-3456-1.jpg?fit=1200%2C514&ssl=1&resize=700%2C400 2x, https:\/\/i0.wp.com\/wheatonbible.org\/wp-content\/uploads\/2025\/11\/WestChicago-3456-1.jpg?fit=1200%2C514&ssl=1&resize=1050%2C600 3x"},"classes":[]},{"id":5678,"url":"https:\/\/wheatonbible.org\/es\/nuestra-iglesia\/","url_meta":{"origin":3148,"position":3},"title":"Nuestra Iglesia","author":"Joe","date":"25 de noviembre de 2025","format":false,"excerpt":"Acerca de Iglesia del Pueblo Somos una comunidad de personas imperfectas que han encontrado el perd\u00f3n y la reconciliaci\u00f3n con Dios a trav\u00e9s de la fe en su Hijo Jesucristo. Queremos ayudarte a conocer la esperanza, la alegr\u00eda y el prop\u00f3sito aut\u00e9ntico que se encuentra solo en Jes\u00fasSomos una iglesia\u2026","rel":"","context":"Entrada similar","block_context":{"text":"Entrada similar","link":""},"img":{"alt_text":"","src":"https:\/\/i0.wp.com\/wheatonbible.org\/wp-content\/uploads\/2025\/11\/WestChicago-3456.webp?resize=350%2C200&ssl=1","width":350,"height":200,"srcset":"https:\/\/i0.wp.com\/wheatonbible.org\/wp-content\/uploads\/2025\/11\/WestChicago-3456.webp?resize=350%2C200&ssl=1 1x, https:\/\/i0.wp.com\/wheatonbible.org\/wp-content\/uploads\/2025\/11\/WestChicago-3456.webp?resize=525%2C300&ssl=1 1.5x, https:\/\/i0.wp.com\/wheatonbible.org\/wp-content\/uploads\/2025\/11\/WestChicago-3456.webp?resize=700%2C400&ssl=1 2x, https:\/\/i0.wp.com\/wheatonbible.org\/wp-content\/uploads\/2025\/11\/WestChicago-3456.webp?resize=1050%2C600&ssl=1 3x, https:\/\/i0.wp.com\/wheatonbible.org\/wp-content\/uploads\/2025\/11\/WestChicago-3456.webp?resize=1400%2C800&ssl=1 4x"},"classes":[]},{"id":533,"url":"https:\/\/wheatonbible.org\/adult-communities\/","url_meta":{"origin":3148,"position":4},"title":"Adult Communities","author":"Joe","date":"3 de noviembre de 2025","format":false,"excerpt":"Adult Communities Our Adult Communities meet Sunday mornings and are inter-generational or life-stage communities intended to help disciples to grow in their love for one another and their study of God and His Word. Connect and Grow 8:45 am Groups Koinonia Growing adults with student-Age children Community for Christ Seniors\u2026","rel":"","context":"Entrada similar","block_context":{"text":"Entrada similar","link":""},"img":{"alt_text":"","src":"https:\/\/i0.wp.com\/wheatonbible.org\/wp-content\/uploads\/2025\/10\/menshuddle_2048px-11.webp?fit=801%2C1200&ssl=1&resize=350%2C200","width":350,"height":200,"srcset":"https:\/\/i0.wp.com\/wheatonbible.org\/wp-content\/uploads\/2025\/10\/menshuddle_2048px-11.webp?fit=801%2C1200&ssl=1&resize=350%2C200 1x, https:\/\/i0.wp.com\/wheatonbible.org\/wp-content\/uploads\/2025\/10\/menshuddle_2048px-11.webp?fit=801%2C1200&ssl=1&resize=525%2C300 1.5x, https:\/\/i0.wp.com\/wheatonbible.org\/wp-content\/uploads\/2025\/10\/menshuddle_2048px-11.webp?fit=801%2C1200&ssl=1&resize=700%2C400 2x"},"classes":[]},{"id":3854,"url":"https:\/\/wheatonbible.org\/es\/weddings\/","url_meta":{"origin":3148,"position":5},"title":"Weddings","author":"Joe","date":"12 de enero de 2026","format":false,"excerpt":"Weddings Congratulations on your engagement and upcoming wedding!Next to receiving Jesus Christ as your personal Savior, choosing a spouse is the most important decision you will make. We believe that marriage is a gift from the Lord, given to us to put His greatness on display for the world to\u2026","rel":"","context":"Entrada similar","block_context":{"text":"Entrada similar","link":""},"img":{"alt_text":"","src":"","width":0,"height":0},"classes":[]}],"_links":{"self":[{"href":"https:\/\/wheatonbible.org\/es\/wp-json\/wp\/v2\/pages\/3148","targetHints":{"allow":["GET"]}}],"collection":[{"href":"https:\/\/wheatonbible.org\/es\/wp-json\/wp\/v2\/pages"}],"about":[{"href":"https:\/\/wheatonbible.org\/es\/wp-json\/wp\/v2\/types\/page"}],"author":[{"embeddable":true,"href":"https:\/\/wheatonbible.org\/es\/wp-json\/wp\/v2\/users\/271840638"}],"replies":[{"embeddable":true,"href":"https:\/\/wheatonbible.org\/es\/wp-json\/wp\/v2\/comments?post=3148"}],"version-history":[{"count":45,"href":"https:\/\/wheatonbible.org\/es\/wp-json\/wp\/v2\/pages\/3148\/revisions"}],"predecessor-version":[{"id":6046,"href":"https:\/\/wheatonbible.org\/es\/wp-json\/wp\/v2\/pages\/3148\/revisions\/6046"}],"wp:featuredmedia":[{"embeddable":true,"href":"https:\/\/wheatonbible.org\/es\/wp-json\/wp\/v2\/media\/3160"}],"wp:attachment":[{"href":"https:\/\/wheatonbible.org\/es\/wp-json\/wp\/v2\/media?parent=3148"}],"curies":[{"name":"wp","href":"https:\/\/api.w.org\/{rel}","templated":true}]}}